{"id":1388,"date":"2022-09-09T09:28:17","date_gmt":"2022-09-09T15:28:17","guid":{"rendered":"http:\/\/vmxlogisticsinc.com\/?page_id=1388"},"modified":"2022-10-28T09:50:59","modified_gmt":"2022-10-28T15:50:59","slug":"transportation-services","status":"publish","type":"page","link":"https:\/\/vmxlogisticsinc.com\/es\/transportation-services\/","title":{"rendered":"Servicios de Transportaci\u00f3n"},"content":{"rendered":"<div class=\"wp-block-cover alignfull is-light has-parallax\" style=\"background-image:url(http:\/\/vmxlogisticsinc.com\/wp-content\/uploads\/2022\/09\/trailer-free-way-street-2821120.jpg)\"><span aria-hidden=\"true\" class=\"wp-block-cover__background has-white-background-color has-background-dim\"><\/span><div class=\"wp-block-cover__inner-container is-layout-flow wp-block-cover-is-layout-flow\">\n<p class=\"has-text-align-center has-vivid-red-color has-text-color has-large-font-size\" style=\"font-style:normal;font-weight:600;line-height:1\"><strong>Ofreciendo receptivo, <\/strong><\/p>\n\n\n\n<p class=\"has-text-align-center has-vivid-red-color has-text-color has-large-font-size\" style=\"font-style:normal;font-weight:600;line-height:1\"><strong>Soluciones de transporte diversificadas.<\/strong><\/p>\n<\/div><\/div>\n\n\n\n<div class=\"wp-block-cover alignfull is-light\" style=\"min-height:20%;aspect-ratio:unset;\"><span aria-hidden=\"true\" class=\"wp-block-cover__background has-background-dim-100 has-background-dim has-background-gradient\" style=\"background:linear-gradient(180deg,rgb(254,45,45) 50%,rgb(107,0,62) 100%)\"><\/span><div class=\"wp-block-cover__inner-container is-layout-flow wp-block-cover-is-layout-flow\">\n<p class=\"has-ast-global-color-5-color has-text-color has-large-font-size\" style=\"font-style:normal;font-weight:600;line-height:0.8\">\u00bfNo est\u00e1 seguro de qu\u00e9 soluci\u00f3n necesita que se adapte a las necesidades de su negocio?<\/p>\n\n\n\n<p class=\"has-ast-global-color-5-color has-text-color has-large-font-size\" style=\"font-style:normal;font-weight:600;line-height:0.8\">No hay problema. Te tenemos cubierto<\/p>\n<\/div><\/div>\n\n\n\n<div class=\"wp-block-columns is-layout-flex wp-container-core-columns-is-layout-28f84493 wp-block-columns-is-layout-flex\">\n<div class=\"wp-block-column is-layout-flow wp-block-column-is-layout-flow\"><\/div>\n\n\n\n<div class=\"wp-block-column is-layout-flow wp-container-core-column-is-layout-d1a72846 wp-block-column-is-layout-flow\">\n<figure class=\"wp-block-image aligncenter size-large is-resized animated heartBeat\"><a href=\"#Dedicated-Solutions\"><img decoding=\"async\" src=\"http:\/\/vmxlogisticsinc.com\/wp-content\/uploads\/2022\/08\/Logistics-1024x1020.png\" alt=\"\" class=\"wp-image-1291\" width=\"200\" height=\"202\"\/><\/a><figcaption><o-anim-typing>Soluciones dedicadas<\/o-anim-typing><\/figcaption><\/figure>\n<\/div>\n\n\n\n<div class=\"wp-block-column is-layout-flow wp-block-column-is-layout-flow\"><\/div>\n<\/div>\n\n\n\n<div class=\"wp-block-columns is-layout-flex wp-container-core-columns-is-layout-28f84493 wp-block-columns-is-layout-flex\">\n<div class=\"wp-block-column is-layout-flow wp-block-column-is-layout-flow\">\n<figure class=\"wp-block-image aligncenter size-full is-resized is-style-rounded animated heartBeat\" style=\"border-radius:0px\"><a href=\"#Mexico-Solutions\"><img decoding=\"async\" src=\"http:\/\/vmxlogisticsinc.com\/wp-content\/uploads\/2022\/09\/mexico-mapcuadrado.gif\" alt=\"\" class=\"wp-image-1399\" width=\"200\" height=\"200\"\/><\/a><figcaption><o-anim-typing>Soluciones M\u00e9xico<\/o-anim-typing><\/figcaption><\/figure>\n<\/div>\n\n\n\n<div class=\"wp-block-column is-layout-flow wp-block-column-is-layout-flow\"><\/div>\n\n\n\n<div class=\"wp-block-column is-layout-flow wp-block-column-is-layout-flow\">\n<figure class=\"wp-block-image aligncenter size-full is-resized is-style-rounded animated heartBeat\"><a href=\"#Regional-Solutions\"><img decoding=\"async\" src=\"http:\/\/vmxlogisticsinc.com\/wp-content\/uploads\/2022\/09\/musa-cuadrado.gif\" alt=\"\" class=\"wp-image-1396\" width=\"200\" height=\"200\"\/><\/a><figcaption><o-anim-typing>Soluciones Regionales<\/o-anim-typing><\/figcaption><\/figure>\n<\/div>\n<\/div>\n\n\n\n<div class=\"wp-block-columns is-layout-flex wp-container-core-columns-is-layout-28f84493 wp-block-columns-is-layout-flex\">\n<div class=\"wp-block-column is-layout-flow wp-block-column-is-layout-flow\"><\/div>\n\n\n\n<div class=\"wp-block-column is-layout-flow wp-block-column-is-layout-flow\">\n<figure class=\"wp-block-image aligncenter size-full is-resized is-style-rounded animated heartBeat\"><a href=\"#Intermodal-Solutions\"><img loading=\"lazy\" decoding=\"async\" src=\"http:\/\/vmxlogisticsinc.com\/wp-content\/uploads\/2022\/09\/cisac-condominio-industrial-santa-cruz-bodegas-galeria-003.jpg\" alt=\"\" class=\"wp-image-1373\" width=\"200\" height=\"200\" srcset=\"https:\/\/vmxlogisticsinc.com\/wp-content\/uploads\/2022\/09\/cisac-condominio-industrial-santa-cruz-bodegas-galeria-003.jpg 808w, https:\/\/vmxlogisticsinc.com\/wp-content\/uploads\/2022\/09\/cisac-condominio-industrial-santa-cruz-bodegas-galeria-003-300x300.jpg 300w, https:\/\/vmxlogisticsinc.com\/wp-content\/uploads\/2022\/09\/cisac-condominio-industrial-santa-cruz-bodegas-galeria-003-150x150.jpg 150w, https:\/\/vmxlogisticsinc.com\/wp-content\/uploads\/2022\/09\/cisac-condominio-industrial-santa-cruz-bodegas-galeria-003-768x768.jpg 768w\" sizes=\"(max-width: 200px) 100vw, 200px\" \/><\/a><figcaption><o-anim-typing>Soluciones Intermodales<\/o-anim-typing><\/figcaption><\/figure>\n<\/div>\n\n\n\n<div class=\"wp-block-column is-layout-flow wp-block-column-is-layout-flow\"><\/div>\n\n\n\n<div class=\"wp-block-column is-layout-flow wp-block-column-is-layout-flow\">\n<figure class=\"wp-block-image aligncenter size-full is-resized is-style-rounded animated heartBeat\"><a href=\"#Over-the-Road-Solutions\"><img loading=\"lazy\" decoding=\"async\" src=\"http:\/\/vmxlogisticsinc.com\/wp-content\/uploads\/2022\/09\/image-8-.jpg\" alt=\"\" class=\"wp-image-1412\" width=\"200\" height=\"200\" srcset=\"https:\/\/vmxlogisticsinc.com\/wp-content\/uploads\/2022\/09\/image-8-.jpg 685w, https:\/\/vmxlogisticsinc.com\/wp-content\/uploads\/2022\/09\/image-8--300x300.jpg 300w, https:\/\/vmxlogisticsinc.com\/wp-content\/uploads\/2022\/09\/image-8--150x150.jpg 150w\" sizes=\"(max-width: 200px) 100vw, 200px\" \/><\/a><figcaption><o-anim-typing>Over the Road Solutions<\/o-anim-typing><\/figcaption><\/figure>\n<\/div>\n\n\n\n<div class=\"wp-block-column is-layout-flow wp-block-column-is-layout-flow\"><\/div>\n<\/div>\n\n\n\n<div class=\"inherit-container-width wp-block-group is-layout-constrained wp-block-group-is-layout-constrained\"><div class=\"wp-block-group__inner-container\">\n<div class=\"wp-block-columns is-layout-flex wp-container-core-columns-is-layout-28f84493 wp-block-columns-is-layout-flex\">\n<div class=\"wp-block-column is-layout-flow wp-block-column-is-layout-flow\" style=\"flex-basis:100%\">\n<div class=\"wp-block-columns is-layout-flex wp-container-core-columns-is-layout-28f84493 wp-block-columns-is-layout-flex\">\n<div class=\"wp-block-column is-layout-flow wp-block-column-is-layout-flow\" style=\"flex-basis:100%\"><\/div>\n<\/div>\n<\/div>\n<\/div>\n<\/div><\/div>\n\n\n\n<div class=\"wp-block-cover alignfull\"><span aria-hidden=\"true\" class=\"wp-block-cover__background has-background-dim\"><\/span><img loading=\"lazy\" decoding=\"async\" width=\"660\" height=\"960\" class=\"wp-block-cover__image-background wp-image-1103\" alt=\"\" src=\"http:\/\/vmxlogisticsinc.com\/wp-content\/uploads\/2021\/07\/hero-img-bg.jpg\" data-object-fit=\"cover\" srcset=\"https:\/\/vmxlogisticsinc.com\/wp-content\/uploads\/2021\/07\/hero-img-bg.jpg 660w, https:\/\/vmxlogisticsinc.com\/wp-content\/uploads\/2021\/07\/hero-img-bg-206x300.jpg 206w\" sizes=\"(max-width: 660px) 100vw, 660px\" \/><div class=\"wp-block-cover__inner-container is-layout-flow wp-block-cover-is-layout-flow\">\n<h2 class=\"has-text-align-center has-white-color has-text-color wp-block-heading\">Our Solutions<\/h2>\n\n\n\n<div class=\"wp-block-columns is-layout-flex wp-container-core-columns-is-layout-28f84493 wp-block-columns-is-layout-flex\" id=\"Regional-Solutions\">\n<div class=\"wp-block-column is-layout-flow wp-block-column-is-layout-flow\" style=\"flex-basis:10%\"><\/div>\n\n\n\n<div class=\"wp-block-column is-layout-flow wp-block-column-is-layout-flow\" style=\"flex-basis:80%\" id=\"Regional-Solutions\">\n<div class=\"wp-block-cover alignfull\" style=\"min-height:20%;aspect-ratio:unset;\"><span aria-hidden=\"true\" class=\"wp-block-cover__background has-ast-global-color-2-background-color has-background-dim-100 has-background-dim\"><\/span><div class=\"wp-block-cover__inner-container is-layout-flow wp-block-cover-is-layout-flow\">\n<div class=\"wp-block-media-text alignwide is-stacked-on-mobile\" style=\"grid-template-columns:42% auto\"><figure class=\"wp-block-media-text__media\"><img loading=\"lazy\" decoding=\"async\" width=\"510\" height=\"382\" src=\"http:\/\/vmxlogisticsinc.com\/wp-content\/uploads\/2022\/09\/musa-1.gif\" alt=\"\" class=\"wp-image-1394 size-full\"\/><\/figure><div class=\"wp-block-media-text__content\">\n<h3 class=\"animated fadeIn wp-block-heading\">Soluciones Regionales<\/h3>\n\n\n\n<p>VMX Logistics provides flexible, short haul transportation services through our Regional division, strategically positioned throughout the United States. Whether your cargo requires expedited movement, a climate-controlled environment, or secure transit, VMX Logistics has a solution.<\/p>\n\n\n\n<div class=\"wp-block-buttons is-layout-flex wp-block-buttons-is-layout-flex\">\n<div class=\"wp-block-button aligncenter\"><a class=\"wp-block-button__link\" href=\"http:\/\/vmxlogisticsinc.com\/es\/regional-solutions\/\">Learn More<\/a><\/div>\n<\/div>\n<\/div><\/div>\n<\/div><\/div>\n<\/div>\n\n\n\n<div class=\"wp-block-column is-layout-flow wp-block-column-is-layout-flow\" style=\"flex-basis:10%\"><\/div>\n<\/div>\n\n\n\n<div class=\"wp-block-columns is-layout-flex wp-container-core-columns-is-layout-28f84493 wp-block-columns-is-layout-flex\" id=\"Regional-Solutions\">\n<div class=\"wp-block-column is-layout-flow wp-block-column-is-layout-flow\" style=\"flex-basis:10%\"><\/div>\n\n\n\n<div class=\"wp-block-column is-layout-flow wp-block-column-is-layout-flow\" style=\"flex-basis:80%\" id=\"Dedicated-Solutions\">\n<div class=\"wp-block-cover alignfull\" style=\"min-height:20%;aspect-ratio:unset;\"><span aria-hidden=\"true\" class=\"wp-block-cover__background has-ast-global-color-2-background-color has-background-dim-100 has-background-dim\"><\/span><div class=\"wp-block-cover__inner-container is-layout-flow wp-block-cover-is-layout-flow\">\n<div class=\"wp-block-media-text alignwide is-stacked-on-mobile\" style=\"grid-template-columns:40% auto\"><figure class=\"wp-block-media-text__media\"><img loading=\"lazy\" decoding=\"async\" width=\"1024\" height=\"1020\" src=\"http:\/\/vmxlogisticsinc.com\/wp-content\/uploads\/2022\/08\/Logistics-1024x1020.png\" alt=\"\" class=\"wp-image-1291 size-full\" srcset=\"https:\/\/vmxlogisticsinc.com\/wp-content\/uploads\/2022\/08\/Logistics-1024x1020.png 1024w, https:\/\/vmxlogisticsinc.com\/wp-content\/uploads\/2022\/08\/Logistics-300x300.png 300w, https:\/\/vmxlogisticsinc.com\/wp-content\/uploads\/2022\/08\/Logistics-150x150.png 150w, https:\/\/vmxlogisticsinc.com\/wp-content\/uploads\/2022\/08\/Logistics-768x765.png 768w, https:\/\/vmxlogisticsinc.com\/wp-content\/uploads\/2022\/08\/Logistics.png 1438w\" sizes=\"(max-width: 1024px) 100vw, 1024px\" \/><\/figure><div class=\"wp-block-media-text__content\">\n<h3 class=\"animated fadeIn wp-block-heading\" id=\"Dedicated-Solutions\">Soluciones dedicadas<\/h3>\n\n\n\n<p>If it\u2019s a tailor-made service you\u2019re looking for, our over 20 years of industry experience will set you up for success. We can create, convert or supplement your existing transportation, so that you can focus on what\u2019s important, your business.<\/p>\n\n\n\n<div class=\"wp-block-buttons is-layout-flex wp-block-buttons-is-layout-flex\">\n<div class=\"wp-block-button aligncenter\"><a class=\"wp-block-button__link\" href=\"http:\/\/vmxlogisticsinc.com\/es\/dedicated\/\" target=\"_blank\" rel=\"noreferrer noopener\">Learn More<\/a><\/div>\n<\/div>\n<\/div><\/div>\n<\/div><\/div>\n<\/div>\n\n\n\n<div class=\"wp-block-column is-layout-flow wp-block-column-is-layout-flow\" style=\"flex-basis:10%\"><\/div>\n<\/div>\n\n\n\n<div class=\"wp-block-columns is-layout-flex wp-container-core-columns-is-layout-28f84493 wp-block-columns-is-layout-flex\" id=\"Regional-Solutions\">\n<div class=\"wp-block-column is-layout-flow wp-block-column-is-layout-flow\" style=\"flex-basis:10%\"><\/div>\n\n\n\n<div class=\"wp-block-column is-layout-flow wp-block-column-is-layout-flow\" style=\"flex-basis:80%\" id=\"Dedicated-Solutions\">\n<div class=\"wp-block-cover alignfull\" style=\"min-height:20%;aspect-ratio:unset;\" id=\"Mexico-Solutions\"><span aria-hidden=\"true\" class=\"wp-block-cover__background has-ast-global-color-2-background-color has-background-dim-100 has-background-dim\"><\/span><div class=\"wp-block-cover__inner-container is-layout-flow wp-block-cover-is-layout-flow\">\n<div class=\"wp-block-media-text alignwide is-stacked-on-mobile\" style=\"grid-template-columns:40% auto\"><figure class=\"wp-block-media-text__media\"><img loading=\"lazy\" decoding=\"async\" width=\"900\" height=\"686\" src=\"http:\/\/vmxlogisticsinc.com\/wp-content\/uploads\/2022\/09\/mexico-map.gif\" alt=\"\" class=\"wp-image-1398 size-full\"\/><\/figure><div class=\"wp-block-media-text__content\">\n<h3 class=\"animated fadeIn wp-block-heading\">Soluciones M\u00e9xico<\/h3>\n\n\n\n<p>VMX Logistics is well equipped to handle your transportation needs into and out of Mexico. We deliver a team of quality people, late model equipment, and innovative technology that makes your transnational shipping across the U.S.-Mexico border seamless.<\/p>\n\n\n\n<div class=\"wp-block-buttons is-layout-flex wp-block-buttons-is-layout-flex\">\n<div class=\"wp-block-button aligncenter\"><a class=\"wp-block-button__link\" href=\"http:\/\/vmxlogisticsinc.com\/es\/mexico-solutions\/\" target=\"_blank\" rel=\"noreferrer noopener\">Learn More<\/a><\/div>\n<\/div>\n<\/div><\/div>\n<\/div><\/div>\n<\/div>\n\n\n\n<div class=\"wp-block-column is-layout-flow wp-block-column-is-layout-flow\" style=\"flex-basis:10%\"><\/div>\n<\/div>\n\n\n\n<div class=\"wp-block-columns is-layout-flex wp-container-core-columns-is-layout-28f84493 wp-block-columns-is-layout-flex\" id=\"Regional-Solutions\">\n<div class=\"wp-block-column is-layout-flow wp-block-column-is-layout-flow\" style=\"flex-basis:10%\"><\/div>\n\n\n\n<div class=\"wp-block-column is-layout-flow wp-block-column-is-layout-flow\" style=\"flex-basis:80%\" id=\"Dedicated-Solutions\">\n<div class=\"wp-block-cover alignfull\" style=\"min-height:20%;aspect-ratio:unset;\" id=\"Intermodal-Solutions\"><span aria-hidden=\"true\" class=\"wp-block-cover__background has-ast-global-color-2-background-color has-background-dim-100 has-background-dim\"><\/span><div class=\"wp-block-cover__inner-container is-layout-flow wp-block-cover-is-layout-flow\">\n<div class=\"wp-block-media-text alignwide is-stacked-on-mobile\" style=\"grid-template-columns:40% auto\"><figure class=\"wp-block-media-text__media\"><img loading=\"lazy\" decoding=\"async\" width=\"808\" height=\"808\" src=\"http:\/\/vmxlogisticsinc.com\/wp-content\/uploads\/2022\/09\/cisac-condominio-industrial-santa-cruz-bodegas-galeria-003.jpg\" alt=\"\" class=\"wp-image-1373 size-full\" srcset=\"https:\/\/vmxlogisticsinc.com\/wp-content\/uploads\/2022\/09\/cisac-condominio-industrial-santa-cruz-bodegas-galeria-003.jpg 808w, https:\/\/vmxlogisticsinc.com\/wp-content\/uploads\/2022\/09\/cisac-condominio-industrial-santa-cruz-bodegas-galeria-003-300x300.jpg 300w, https:\/\/vmxlogisticsinc.com\/wp-content\/uploads\/2022\/09\/cisac-condominio-industrial-santa-cruz-bodegas-galeria-003-150x150.jpg 150w, https:\/\/vmxlogisticsinc.com\/wp-content\/uploads\/2022\/09\/cisac-condominio-industrial-santa-cruz-bodegas-galeria-003-768x768.jpg 768w\" sizes=\"(max-width: 808px) 100vw, 808px\" \/><\/figure><div class=\"wp-block-media-text__content\">\n<h3 class=\"animated fadeIn wp-block-heading\">Soluciones Intermodales<\/h3>\n\n\n\n<p>Innovation is key in this day and age, but so are savings and a green footprint. Our intermodal solution offers rail service using the next generation of transportation, our TempStack technology, across a long-established railroad.<\/p>\n\n\n\n<div class=\"wp-block-buttons is-layout-flex wp-block-buttons-is-layout-flex\">\n<div class=\"wp-block-button aligncenter\"><a class=\"wp-block-button__link\" href=\"http:\/\/vmxlogisticsinc.com\/es\/intermodal-solutions\/\" target=\"_blank\" rel=\"noreferrer noopener\">Learn More<\/a><\/div>\n<\/div>\n<\/div><\/div>\n<\/div><\/div>\n<\/div>\n\n\n\n<div class=\"wp-block-column is-layout-flow wp-block-column-is-layout-flow\" style=\"flex-basis:10%\"><\/div>\n<\/div>\n\n\n\n<div class=\"wp-block-columns is-layout-flex wp-container-core-columns-is-layout-28f84493 wp-block-columns-is-layout-flex\">\n<div class=\"wp-block-column is-layout-flow wp-block-column-is-layout-flow\" style=\"flex-basis:10%\"><\/div>\n\n\n\n<div class=\"wp-block-column is-layout-flow wp-block-column-is-layout-flow\" style=\"flex-basis:80%\" id=\"Dedicated-Solutions\">\n<div class=\"wp-block-cover alignfull\" style=\"min-height:20%;aspect-ratio:unset;\"><span aria-hidden=\"true\" class=\"wp-block-cover__background has-ast-global-color-2-background-color has-background-dim-100 has-background-dim\"><\/span><div class=\"wp-block-cover__inner-container is-layout-flow wp-block-cover-is-layout-flow\">\n<div class=\"wp-block-media-text alignwide is-stacked-on-mobile\" style=\"grid-template-columns:40% auto\"><figure class=\"wp-block-media-text__media\"><img loading=\"lazy\" decoding=\"async\" width=\"1024\" height=\"683\" src=\"http:\/\/vmxlogisticsinc.com\/wp-content\/uploads\/2022\/07\/image-8-1024x683.jpg\" alt=\"\" class=\"wp-image-11 size-full\"\/><\/figure><div class=\"wp-block-media-text__content\">\n<h3 class=\"animated fadeIn wp-block-heading\" id=\"Over-the-Road-Solutions\">Over the Road Solutions<\/h3>\n\n\n\n<p>Our National service offering is the largest, most comprehensive refrigerated&nbsp;transportation solution in the industry, spanning the entire continental U.S. Our&nbsp;National team has the capacity and experience to serve every critical need, from&nbsp;routine freight transport to timely surge response.<\/p>\n\n\n\n<div class=\"wp-block-buttons is-content-justification-center is-layout-flex wp-container-core-buttons-is-layout-a89b3969 wp-block-buttons-is-layout-flex\">\n<div class=\"wp-block-button\"><a class=\"wp-block-button__link\" href=\"http:\/\/vmxlogisticsinc.com\/es\/over-the-road-solutions\/\">Learn More<\/a><\/div>\n<\/div>\n<\/div><\/div>\n<\/div><\/div>\n<\/div>\n\n\n\n<div class=\"wp-block-column is-layout-flow wp-block-column-is-layout-flow\" style=\"flex-basis:10%\"><\/div>\n<\/div>\n<\/div><\/div>","protected":false},"excerpt":{"rendered":"","protected":false},"author":1,"featured_media":0,"parent":0,"menu_order":0,"comment_status":"closed","ping_status":"closed","template":"","meta":{"_uag_custom_page_level_css":"","site-sidebar-layout":"no-sidebar","site-content-layout":"page-builder","ast-site-content-layout":"default","site-content-style":"default","site-sidebar-style":"default","ast-global-header-display":"","ast-banner-title-visibility":"","ast-main-header-display":"","ast-hfb-above-header-display":"","ast-hfb-below-header-display":"","ast-hfb-mobile-header-display":"","site-post-title":"disabled","ast-breadcrumbs-content":"","ast-featured-img":"","footer-sml-layout":"","ast-disable-related-posts":"","theme-transparent-header-meta":"","adv-header-id-meta":"","stick-header-meta":"","header-above-stick-meta":"","header-main-stick-meta":"","header-below-stick-meta":"","astra-migrate-meta-layouts":"default","ast-page-background-enabled":"default","ast-page-background-meta":{"desktop":{"background-color":"var(--ast-global-color-4)","background-image":"","background-repeat":"repeat","background-position":"center center","background-size":"auto","background-attachment":"scroll","background-type":"","background-media":"","overlay-type":"","overlay-color":"","overlay-opacity":"","overlay-gradient":""},"tablet":{"background-color":"","background-image":"","background-repeat":"repeat","background-position":"center center","background-size":"auto","background-attachment":"scroll","background-type":"","background-media":"","overlay-type":"","overlay-color":"","overlay-opacity":"","overlay-gradient":""},"mobile":{"background-color":"","background-image":"","background-repeat":"repeat","background-position":"center center","background-size":"auto","background-attachment":"scroll","background-type":"","background-media":"","overlay-type":"","overlay-color":"","overlay-opacity":"","overlay-gradient":""}},"ast-content-background-meta":{"desktop":{"background-color":"var(--ast-global-color-5)","background-image":"","background-repeat":"repeat","background-position":"center center","background-size":"auto","background-attachment":"scroll","background-type":"","background-media":"","overlay-type":"","overlay-color":"","overlay-opacity":"","overlay-gradient":""},"tablet":{"background-color":"var(--ast-global-color-5)","background-image":"","background-repeat":"repeat","background-position":"center center","background-size":"auto","background-attachment":"scroll","background-type":"","background-media":"","overlay-type":"","overlay-color":"","overlay-opacity":"","overlay-gradient":""},"mobile":{"background-color":"var(--ast-global-color-5)","background-image":"","background-repeat":"repeat","background-position":"center center","background-size":"auto","background-attachment":"scroll","background-type":"","background-media":"","overlay-type":"","overlay-color":"","overlay-opacity":"","overlay-gradient":""}},"_joinchat":[],"footnotes":""},"class_list":["post-1388","page","type-page","status-publish","hentry"],"uagb_featured_image_src":{"full":false,"thumbnail":false,"medium":false,"medium_large":false,"large":false,"master_addons_team_thumb":false,"1536x1536":false,"2048x2048":false,"trp-custom-language-flag":false},"uagb_author_info":{"display_name":"admin","author_link":"https:\/\/vmxlogisticsinc.com\/es\/author\/admin\/"},"uagb_comment_info":0,"uagb_excerpt":null,"_links":{"self":[{"href":"https:\/\/vmxlogisticsinc.com\/es\/wp-json\/wp\/v2\/pages\/1388","targetHints":{"allow":["GET"]}}],"collection":[{"href":"https:\/\/vmxlogisticsinc.com\/es\/wp-json\/wp\/v2\/pages"}],"about":[{"href":"https:\/\/vmxlogisticsinc.com\/es\/wp-json\/wp\/v2\/types\/page"}],"author":[{"embeddable":true,"href":"https:\/\/vmxlogisticsinc.com\/es\/wp-json\/wp\/v2\/users\/1"}],"replies":[{"embeddable":true,"href":"https:\/\/vmxlogisticsinc.com\/es\/wp-json\/wp\/v2\/comments?post=1388"}],"version-history":[{"count":28,"href":"https:\/\/vmxlogisticsinc.com\/es\/wp-json\/wp\/v2\/pages\/1388\/revisions"}],"predecessor-version":[{"id":1632,"href":"https:\/\/vmxlogisticsinc.com\/es\/wp-json\/wp\/v2\/pages\/1388\/revisions\/1632"}],"wp:attachment":[{"href":"https:\/\/vmxlogisticsinc.com\/es\/wp-json\/wp\/v2\/media?parent=1388"}],"curies":[{"name":"wp","href":"https:\/\/api.w.org\/{rel}","templated":true}]}}