{"id":1416,"date":"2022-09-22T12:21:24","date_gmt":"2022-09-22T18:21:24","guid":{"rendered":"http:\/\/vmxlogisticsinc.com\/?page_id=1416"},"modified":"2022-10-14T09:47:08","modified_gmt":"2022-10-14T15:47:08","slug":"dedicated","status":"publish","type":"page","link":"https:\/\/vmxlogisticsinc.com\/es\/dedicated\/","title":{"rendered":"Dedicado"},"content":{"rendered":"<div class=\"wp-block-cover is-light has-parallax\" style=\"background-image:url(http:\/\/vmxlogisticsinc.com\/wp-content\/uploads\/2022\/09\/trucker-sunrise-truck-stop-2946821.jpg)\"><span aria-hidden=\"true\" class=\"wp-block-cover__background has-background-dim\"><\/span><div class=\"wp-block-cover__inner-container is-layout-flow wp-block-cover-is-layout-flow\">\n<p class=\"has-text-align-center animated lightSpeedInRight has-white-color has-text-color has-large-font-size\" style=\"line-height:0\">VMX Logistics<\/p>\n\n\n\n<p class=\"has-text-align-center animated lightSpeedInRight has-white-color has-text-color has-large-font-size\" style=\"line-height:0\">Soluciones dedicadas<\/p>\n<\/div><\/div>\n\n\n\n<h2 class=\"animated lightSpeedInRight wp-block-heading\"><img decoding=\"async\" width=\"50\" height=\"50\" class=\"wp-image-1291\" style=\"width: 50px;\" src=\"http:\/\/vmxlogisticsinc.com\/wp-content\/uploads\/2022\/08\/Logistics.png\" alt=\"\" srcset=\"https:\/\/vmxlogisticsinc.com\/wp-content\/uploads\/2022\/08\/Logistics.png 1438w, https:\/\/vmxlogisticsinc.com\/wp-content\/uploads\/2022\/08\/Logistics-300x300.png 300w, https:\/\/vmxlogisticsinc.com\/wp-content\/uploads\/2022\/08\/Logistics-1024x1020.png 1024w, https:\/\/vmxlogisticsinc.com\/wp-content\/uploads\/2022\/08\/Logistics-150x150.png 150w, https:\/\/vmxlogisticsinc.com\/wp-content\/uploads\/2022\/08\/Logistics-768x765.png 768w\" sizes=\"(max-width: 50px) 100vw, 50px\" \/>Dedicado<\/h2>\n\n\n\n<p class=\"has-black-color has-text-color\"><strong>Quienes somos<\/strong><\/p>\n\n\n\n<p class=\"has-black-color has-text-color\">VMX Logistics Dedicated es uno de los transportistas dedicados m\u00e1s grandes y diversificados del pa\u00eds con m\u00e1s de 2200 unidades de potencia y sigue creciendo. Nuestro equipo altamente experimentado tiene un historial comprobado durante los \u00faltimos m\u00e1s de 25 a\u00f1os de ayudar a los clientes de Am\u00e9rica del Norte a impulsar la eficiencia, mejorar la utilidad de la flota, minimizar la exposici\u00f3n a responsabilidades y reducir los costos mediante el dise\u00f1o y la implementaci\u00f3n de soluciones de transporte personalizadas.<\/p>\n\n\n\n<p class=\"has-black-color has-text-color\">La subcontrataci\u00f3n con VMX Logistics Dedicated le brindar\u00e1 la oportunidad de recibir los muchos beneficios de poseer una flota privada sin todas las molestias y riesgos asociados, para que pueda concentrarse en su negocio principal.<\/p>\n\n\n\n<h2 class=\"animated lightSpeedInRight wp-block-heading\"><img decoding=\"async\" width=\"50\" height=\"50\" class=\"wp-image-1291\" style=\"width: 50px;\" src=\"http:\/\/vmxlogisticsinc.com\/wp-content\/uploads\/2022\/08\/Logistics.png\" alt=\"\" srcset=\"https:\/\/vmxlogisticsinc.com\/wp-content\/uploads\/2022\/08\/Logistics.png 1438w, https:\/\/vmxlogisticsinc.com\/wp-content\/uploads\/2022\/08\/Logistics-300x300.png 300w, https:\/\/vmxlogisticsinc.com\/wp-content\/uploads\/2022\/08\/Logistics-1024x1020.png 1024w, https:\/\/vmxlogisticsinc.com\/wp-content\/uploads\/2022\/08\/Logistics-150x150.png 150w, https:\/\/vmxlogisticsinc.com\/wp-content\/uploads\/2022\/08\/Logistics-768x765.png 768w\" sizes=\"(max-width: 50px) 100vw, 50px\" \/>Dedicado<\/h2>\n\n\n\n<p class=\"has-black-color has-text-color\"><strong>Industrias a las que servimos<\/strong><\/p>\n\n\n\n<div class=\"wp-block-columns is-layout-flex wp-container-core-columns-is-layout-28f84493 wp-block-columns-is-layout-flex\">\n<div class=\"wp-block-column is-layout-flow wp-block-column-is-layout-flow\">\n<div class=\"wp-block-uagb-icon-list uagb-block-6985b9f0\"><div class=\"uagb-icon-list__wrap\">\n<div class=\"wp-block-uagb-icon-list-child uagb-block-d85b2bde\"><span class=\"uagb-icon-list__source-wrap\"><svg xmlns=\"https:\/\/www.w3.org\/2000\/svg\" viewbox=\"0 0 512 512\"><path d=\"M472.8 168.4C525.1 221.4 525.1 306.6 472.8 359.6L360.8 472.9C351.5 482.3 336.3 482.4 326.9 473.1C317.4 463.8 317.4 448.6 326.7 439.1L438.6 325.9C472.5 291.6 472.5 236.4 438.6 202.1L310.9 72.87C301.5 63.44 301.6 48.25 311.1 38.93C320.5 29.61 335.7 29.7 344.1 39.13L472.8 168.4zM.0003 229.5V80C.0003 53.49 21.49 32 48 32H197.5C214.5 32 230.7 38.74 242.7 50.75L410.7 218.7C435.7 243.7 435.7 284.3 410.7 309.3L277.3 442.7C252.3 467.7 211.7 467.7 186.7 442.7L18.75 274.7C6.743 262.7 0 246.5 0 229.5L.0003 229.5zM112 112C94.33 112 80 126.3 80 144C80 161.7 94.33 176 112 176C129.7 176 144 161.7 144 144C144 126.3 129.7 112 112 112z\"><\/path><\/svg><\/span><span class=\"uagb-icon-list__label\">Venta al por menor de mercanc\u00edas generales<\/span><\/div>\n\n\n\n<div class=\"wp-block-uagb-icon-list-child uagb-block-3269ace2\"><span class=\"uagb-icon-list__source-wrap\"><svg xmlns=\"https:\/\/www.w3.org\/2000\/svg\" viewbox=\"0 0 384 512\"><path d=\"M168.3 499.2C116.1 435 0 279.4 0 192C0 85.96 85.96 0 192 0C298 0 384 85.96 384 192C384 279.4 267 435 215.7 499.2C203.4 514.5 180.6 514.5 168.3 499.2H168.3zM192 256C227.3 256 256 227.3 256 192C256 156.7 227.3 128 192 128C156.7 128 128 156.7 128 192C128 227.3 156.7 256 192 256z\"><\/path><\/svg><\/span><span class=\"uagb-icon-list__label\">Almacenamiento y Reubicaci\u00f3n<\/span><\/div>\n\n\n\n<div class=\"wp-block-uagb-icon-list-child uagb-block-8e51e95e\"><span class=\"uagb-icon-list__source-wrap\"><svg xmlns=\"https:\/\/www.w3.org\/2000\/svg\" viewbox=\"0 0 384 512\"><path d=\"M352 0C360.9 0 369.4 3.692 375.4 10.19C381.5 16.69 384.6 25.42 383.9 34.28L355.1 437.7C352.1 479.6 317.3 512 275.3 512H108.7C66.72 512 31.89 479.6 28.9 437.7L.0813 34.28C-.5517 25.42 2.527 16.69 8.58 10.19C14.63 3.692 23.12 0 32 0L352 0zM97.19 168.6C116.6 178.3 139.4 178.3 158.8 168.6C179.7 158.1 204.3 158.1 225.2 168.6C244.6 178.3 267.4 178.3 286.8 168.6L311 156.5L317.6 64H66.37L72.97 156.5L97.19 168.6z\"><\/path><\/svg><\/span><span class=\"uagb-icon-list__label\">Bebida<\/span><\/div>\n<\/div><\/div>\n<\/div>\n\n\n\n<div class=\"wp-block-column is-layout-flow wp-block-column-is-layout-flow\">\n<div class=\"wp-block-uagb-icon-list uagb-block-24defb73\"><div class=\"uagb-icon-list__wrap\">\n<div class=\"wp-block-uagb-icon-list-child uagb-block-0a1f43c7\"><span class=\"uagb-icon-list__source-wrap\"><svg xmlns=\"https:\/\/www.w3.org\/2000\/svg\" viewbox=\"0 0 576 512\"><path d=\"M96 0C107.5 0 117.4 8.19 119.6 19.51L121.1 32H541.8C562.1 32 578.3 52.25 572.6 72.66L518.6 264.7C514.7 278.5 502.1 288 487.8 288H170.7L179.9 336H488C501.3 336 512 346.7 512 360C512 373.3 501.3 384 488 384H159.1C148.5 384 138.6 375.8 136.4 364.5L76.14 48H24C10.75 48 0 37.25 0 24C0 10.75 10.75 0 24 0H96zM128 464C128 437.5 149.5 416 176 416C202.5 416 224 437.5 224 464C224 490.5 202.5 512 176 512C149.5 512 128 490.5 128 464zM512 464C512 490.5 490.5 512 464 512C437.5 512 416 490.5 416 464C416 437.5 437.5 416 464 416C490.5 416 512 437.5 512 464z\"><\/path><\/svg><\/span><span class=\"uagb-icon-list__label\">Tienda de comestibles al por menor<\/span><\/div>\n\n\n\n<div class=\"wp-block-uagb-icon-list-child uagb-block-f6dc0919\"><span class=\"uagb-icon-list__source-wrap\"><svg xmlns=\"https:\/\/www.w3.org\/2000\/svg\" viewbox=\"0 0 512 512\"><path d=\"M39.61 196.8L74.8 96.29C88.27 57.78 124.6 32 165.4 32H346.6C387.4 32 423.7 57.78 437.2 96.29L472.4 196.8C495.6 206.4 512 229.3 512 256V448C512 465.7 497.7 480 480 480H448C430.3 480 416 465.7 416 448V400H96V448C96 465.7 81.67 480 64 480H32C14.33 480 0 465.7 0 448V256C0 229.3 16.36 206.4 39.61 196.8V196.8zM109.1 192H402.9L376.8 117.4C372.3 104.6 360.2 96 346.6 96H165.4C151.8 96 139.7 104.6 135.2 117.4L109.1 192zM96 256C78.33 256 64 270.3 64 288C64 305.7 78.33 320 96 320C113.7 320 128 305.7 128 288C128 270.3 113.7 256 96 256zM416 320C433.7 320 448 305.7 448 288C448 270.3 433.7 256 416 256C398.3 256 384 270.3 384 288C384 305.7 398.3 320 416 320z\"><\/path><\/svg><\/span><span class=\"uagb-icon-list__label\">Automotor<\/span><\/div>\n\n\n\n<div class=\"wp-block-uagb-icon-list-child uagb-block-ffd162d1\"><span class=\"uagb-icon-list__source-wrap\"><svg xmlns=\"https:\/\/www.w3.org\/2000\/svg\" viewbox=\"0 0 576 512\"><path d=\"M171.7 191.1H404.3L322.7 35.07C316.6 23.31 321.2 8.821 332.9 2.706C344.7-3.409 359.2 1.167 365.3 12.93L458.4 191.1H544C561.7 191.1 576 206.3 576 223.1C576 241.7 561.7 255.1 544 255.1L492.1 463.5C484.1 492 459.4 512 430 512H145.1C116.6 512 91 492 83.88 463.5L32 255.1C14.33 255.1 0 241.7 0 223.1C0 206.3 14.33 191.1 32 191.1H117.6L210.7 12.93C216.8 1.167 231.3-3.409 243.1 2.706C254.8 8.821 259.4 23.31 253.3 35.07L171.7 191.1zM191.1 303.1C191.1 295.1 184.8 287.1 175.1 287.1C167.2 287.1 159.1 295.1 159.1 303.1V399.1C159.1 408.8 167.2 415.1 175.1 415.1C184.8 415.1 191.1 408.8 191.1 399.1V303.1zM271.1 303.1V399.1C271.1 408.8 279.2 415.1 287.1 415.1C296.8 415.1 304 408.8 304 399.1V303.1C304 295.1 296.8 287.1 287.1 287.1C279.2 287.1 271.1 295.1 271.1 303.1zM416 303.1C416 295.1 408.8 287.1 400 287.1C391.2 287.1 384 295.1 384 303.1V399.1C384 408.8 391.2 415.1 400 415.1C408.8 415.1 416 408.8 416 399.1V303.1z\"><\/path><\/svg><\/span><span class=\"uagb-icon-list__label\">Distribucion de comida<\/span><\/div>\n<\/div><\/div>\n<\/div>\n\n\n\n<div class=\"wp-block-column is-layout-flow wp-block-column-is-layout-flow\">\n<div class=\"wp-block-uagb-icon-list uagb-block-6bb32e2a\"><div class=\"uagb-icon-list__wrap\">\n<div class=\"wp-block-uagb-icon-list-child uagb-block-00e09585\"><span class=\"uagb-icon-list__source-wrap\"><svg xmlns=\"https:\/\/www.w3.org\/2000\/svg\" viewbox=\"0 0 448 512\"><path d=\"M364.2 83.8C339.8 59.39 300.2 59.39 275.8 83.8L91.8 267.8C49.71 309.9 49.71 378.1 91.8 420.2C133.9 462.3 202.1 462.3 244.2 420.2L396.2 268.2C407.1 257.3 424.9 257.3 435.8 268.2C446.7 279.1 446.7 296.9 435.8 307.8L283.8 459.8C219.8 523.8 116.2 523.8 52.2 459.8C-11.75 395.8-11.75 292.2 52.2 228.2L236.2 44.2C282.5-2.08 357.5-2.08 403.8 44.2C450.1 90.48 450.1 165.5 403.8 211.8L227.8 387.8C199.2 416.4 152.8 416.4 124.2 387.8C95.59 359.2 95.59 312.8 124.2 284.2L268.2 140.2C279.1 129.3 296.9 129.3 307.8 140.2C318.7 151.1 318.7 168.9 307.8 179.8L163.8 323.8C157.1 330.5 157.1 341.5 163.8 348.2C170.5 354.9 181.5 354.9 188.2 348.2L364.2 172.2C388.6 147.8 388.6 108.2 364.2 83.8V83.8z\"><\/path><\/svg><\/span><span class=\"uagb-icon-list__label\">Papel de embalar<\/span><\/div>\n\n\n\n<div class=\"wp-block-uagb-icon-list-child uagb-block-da6b2fbe\"><span class=\"uagb-icon-list__source-wrap\"><svg xmlns=\"https:\/\/www.w3.org\/2000\/svg\" viewbox=\"0 0 640 512\"><path d=\"M541.2 448C542.1 453 544.1 458.4 544.1 464C544.1 490.5 522.6 512 496 512C469.5 512 448.1 490.5 448.1 464C448.1 458.4 449.2 453 450.1 448H253.1C254.9 453 256 458.4 256 464C256 490.5 234.5 512 208 512C181.5 512 160 490.5 160 464C160 458.4 161.1 453 162.9 448L96 448C78.4 448 64 433.6 64 416V80C64 71.16 56.84 64 48 64H32C14.4 64 0 49.6 0 32C0 14.4 14.4 0 32 0H64C99.2 0 128 28.8 128 64V384H608C625.6 384 640 398.4 640 416C640 433.6 625.6 448 608 448L541.2 448zM432 0C458.5 0 480 21.5 480 48V320H288V48C288 21.5 309.5 0 336 0H432zM336 96H432V48H336V96zM256 320H224C206.4 320 192 305.6 192 288V128C192 110.4 206.4 96 224 96H256V320zM576 128V288C576 305.6 561.6 320 544 320H512V96H544C561.6 96 576 110.4 576 128z\"><\/path><\/svg><\/span><span class=\"uagb-icon-list__label\">Fabricaci\u00f3n de productos secos<\/span><\/div>\n\n\n\n<div class=\"wp-block-uagb-icon-list-child uagb-block-0804cfbf\"><span class=\"uagb-icon-list__source-wrap\"><svg xmlns=\"https:\/\/www.w3.org\/2000\/svg\" viewbox=\"0 0 448 512\"><path d=\"M336 128c-32 0-80.02 16.03-112 32.03c-32.01-16-79.1-32.02-111.1-32.03C32 128 .4134 210.5 .0033 288c-.5313 99.97 63.99 224 159.1 224c32 0 48-16 64-16c16 0 32 16 64 16c96 0 160.4-122.8 159.1-224C447.7 211.6 416 128 336 128zM320 32V0h-32C243.8 0 208 35.82 208 80v32h32C284.2 112 320 76.18 320 32z\"><\/path><\/svg><\/span><span class=\"uagb-icon-list__label\">Producir<\/span><\/div>\n<\/div><\/div>\n<\/div>\n\n\n\n<div class=\"wp-block-column is-layout-flow wp-block-column-is-layout-flow\">\n<div class=\"wp-block-uagb-icon-list uagb-block-bd6b1d89\"><div class=\"uagb-icon-list__wrap\">\n<div class=\"wp-block-uagb-icon-list-child uagb-block-652966aa\"><span class=\"uagb-icon-list__source-wrap\"><svg xmlns=\"https:\/\/www.w3.org\/2000\/svg\" viewbox=\"0 0 576 512\"><path d=\"M511.8 287.6L512.5 447.7C512.5 450.5 512.3 453.1 512 455.8V472C512 494.1 494.1 512 472 512H456C454.9 512 453.8 511.1 452.7 511.9C451.3 511.1 449.9 512 448.5 512H392C369.9 512 352 494.1 352 472V384C352 366.3 337.7 352 320 352H256C238.3 352 224 366.3 224 384V472C224 494.1 206.1 512 184 512H128.1C126.6 512 125.1 511.9 123.6 511.8C122.4 511.9 121.2 512 120 512H104C81.91 512 64 494.1 64 472V360C64 359.1 64.03 358.1 64.09 357.2V287.6H32.05C14.02 287.6 0 273.5 0 255.5C0 246.5 3.004 238.5 10.01 231.5L266.4 8.016C273.4 1.002 281.4 0 288.4 0C295.4 0 303.4 2.004 309.5 7.014L416 100.7V64C416 46.33 430.3 32 448 32H480C497.7 32 512 46.33 512 64V185L564.8 231.5C572.8 238.5 576.9 246.5 575.8 255.5C575.8 273.5 560.8 287.6 543.8 287.6L511.8 287.6z\"><\/path><\/svg><\/span><span class=\"uagb-icon-list__label\">Productos de construcci\u00f3n<\/span><\/div>\n\n\n\n<div class=\"wp-block-uagb-icon-list-child uagb-block-73e794eb\"><span class=\"uagb-icon-list__source-wrap\"><svg xmlns=\"https:\/\/www.w3.org\/2000\/svg\" viewbox=\"0 0 448 512\"><path d=\"M352 111.1c22.09 0 40-17.88 40-39.97S352 0 352 0s-40 49.91-40 72S329.9 111.1 352 111.1zM224 111.1c22.09 0 40-17.88 40-39.97S224 0 224 0S184 49.91 184 72S201.9 111.1 224 111.1zM383.1 223.1L384 160c0-8.836-7.164-16-16-16h-32C327.2 144 320 151.2 320 160v64h-64V160c0-8.836-7.164-16-16-16h-32C199.2 144 192 151.2 192 160v64H128V160c0-8.836-7.164-16-16-16h-32C71.16 144 64 151.2 64 160v63.97c-35.35 0-64 28.65-64 63.1v68.7c9.814 6.102 21.39 11.33 32 11.33c20.64 0 45.05-19.73 52.7-27.33c6.25-6.219 16.34-6.219 22.59 0C114.1 348.3 139.4 367.1 160 367.1s45.05-19.73 52.7-27.33c6.25-6.219 16.34-6.219 22.59 0C242.1 348.3 267.4 367.1 288 367.1s45.05-19.73 52.7-27.33c6.25-6.219 16.34-6.219 22.59 0C370.1 348.3 395.4 367.1 416 367.1c10.61 0 22.19-5.227 32-11.33V287.1C448 252.6 419.3 223.1 383.1 223.1zM352 373.3c-13.75 10.95-38.03 26.66-64 26.66s-50.25-15.7-64-26.66c-13.75 10.95-38.03 26.66-64 26.66s-50.25-15.7-64-26.66c-13.75 10.95-38.03 26.66-64 26.66c-11.27 0-22.09-3.121-32-7.377v87.38C0 497.7 14.33 512 32 512h384c17.67 0 32-14.33 32-32v-87.38c-9.91 4.256-20.73 7.377-32 7.377C390 399.1 365.8 384.3 352 373.3zM96 111.1c22.09 0 40-17.88 40-39.97S96 0 96 0S56 49.91 56 72S73.91 111.1 96 111.1z\"><\/path><\/svg><\/span><span class=\"uagb-icon-list__label\">Fabricaci\u00f3n de alimentos<\/span><\/div>\n\n\n\n<div class=\"wp-block-uagb-icon-list-child uagb-block-ebfc460a\"><span class=\"uagb-icon-list__source-wrap\"><svg xmlns=\"https:\/\/www.w3.org\/2000\/svg\" viewbox=\"0 0 512 512\"><path d=\"M481.9 270.1C490.9 279.1 496 291.3 496 304C496 316.7 490.9 328.9 481.9 337.9C472.9 346.9 460.7 352 448 352H64C51.27 352 39.06 346.9 30.06 337.9C21.06 328.9 16 316.7 16 304C16 291.3 21.06 279.1 30.06 270.1C39.06 261.1 51.27 256 64 256H448C460.7 256 472.9 261.1 481.9 270.1zM475.3 388.7C478.3 391.7 480 395.8 480 400V416C480 432.1 473.3 449.3 461.3 461.3C449.3 473.3 432.1 480 416 480H96C79.03 480 62.75 473.3 50.75 461.3C38.74 449.3 32 432.1 32 416V400C32 395.8 33.69 391.7 36.69 388.7C39.69 385.7 43.76 384 48 384H464C468.2 384 472.3 385.7 475.3 388.7zM50.39 220.8C45.93 218.6 42.03 215.5 38.97 211.6C35.91 207.7 33.79 203.2 32.75 198.4C31.71 193.5 31.8 188.5 32.99 183.7C54.98 97.02 146.5 32 256 32C365.5 32 457 97.02 479 183.7C480.2 188.5 480.3 193.5 479.2 198.4C478.2 203.2 476.1 207.7 473 211.6C469.1 215.5 466.1 218.6 461.6 220.8C457.2 222.9 452.3 224 447.3 224H64.67C59.73 224 54.84 222.9 50.39 220.8zM372.7 116.7C369.7 119.7 368 123.8 368 128C368 131.2 368.9 134.3 370.7 136.9C372.5 139.5 374.1 141.6 377.9 142.8C380.8 143.1 384 144.3 387.1 143.7C390.2 143.1 393.1 141.6 395.3 139.3C397.6 137.1 399.1 134.2 399.7 131.1C400.3 128 399.1 124.8 398.8 121.9C397.6 118.1 395.5 116.5 392.9 114.7C390.3 112.9 387.2 111.1 384 111.1C379.8 111.1 375.7 113.7 372.7 116.7V116.7zM244.7 84.69C241.7 87.69 240 91.76 240 96C240 99.16 240.9 102.3 242.7 104.9C244.5 107.5 246.1 109.6 249.9 110.8C252.8 111.1 256 112.3 259.1 111.7C262.2 111.1 265.1 109.6 267.3 107.3C269.6 105.1 271.1 102.2 271.7 99.12C272.3 96.02 271.1 92.8 270.8 89.88C269.6 86.95 267.5 84.45 264.9 82.7C262.3 80.94 259.2 79.1 256 79.1C251.8 79.1 247.7 81.69 244.7 84.69V84.69zM116.7 116.7C113.7 119.7 112 123.8 112 128C112 131.2 112.9 134.3 114.7 136.9C116.5 139.5 118.1 141.6 121.9 142.8C124.8 143.1 128 144.3 131.1 143.7C134.2 143.1 137.1 141.6 139.3 139.3C141.6 137.1 143.1 134.2 143.7 131.1C144.3 128 143.1 124.8 142.8 121.9C141.6 118.1 139.5 116.5 136.9 114.7C134.3 112.9 131.2 111.1 128 111.1C123.8 111.1 119.7 113.7 116.7 116.7L116.7 116.7z\"><\/path><\/svg><\/span><span class=\"uagb-icon-list__label\">Prote\u00edna<\/span><\/div>\n<\/div><\/div>\n<\/div>\n<\/div>\n\n\n\n<h2 class=\"animated lightSpeedInRight wp-block-heading\"><img decoding=\"async\" width=\"50\" height=\"50\" class=\"wp-image-1291\" style=\"width: 50px;\" src=\"http:\/\/vmxlogisticsinc.com\/wp-content\/uploads\/2022\/08\/Logistics.png\" alt=\"\" srcset=\"https:\/\/vmxlogisticsinc.com\/wp-content\/uploads\/2022\/08\/Logistics.png 1438w, https:\/\/vmxlogisticsinc.com\/wp-content\/uploads\/2022\/08\/Logistics-300x300.png 300w, https:\/\/vmxlogisticsinc.com\/wp-content\/uploads\/2022\/08\/Logistics-1024x1020.png 1024w, https:\/\/vmxlogisticsinc.com\/wp-content\/uploads\/2022\/08\/Logistics-150x150.png 150w, https:\/\/vmxlogisticsinc.com\/wp-content\/uploads\/2022\/08\/Logistics-768x765.png 768w\" sizes=\"(max-width: 50px) 100vw, 50px\" \/>Dedicado<\/h2>\n\n\n\n<div class=\"wp-block-media-text alignwide has-media-on-the-right is-stacked-on-mobile\"><figure class=\"wp-block-media-text__media\"><img fetchpriority=\"high\" decoding=\"async\" width=\"1024\" height=\"819\" src=\"http:\/\/vmxlogisticsinc.com\/wp-content\/uploads\/2022\/07\/image-5-1024x819.jpg\" alt=\"\" class=\"wp-image-8 size-full\" srcset=\"https:\/\/vmxlogisticsinc.com\/wp-content\/uploads\/2022\/07\/image-5-1024x819.jpg 1024w, https:\/\/vmxlogisticsinc.com\/wp-content\/uploads\/2022\/07\/image-5-300x240.jpg 300w, https:\/\/vmxlogisticsinc.com\/wp-content\/uploads\/2022\/07\/image-5-768x614.jpg 768w, https:\/\/vmxlogisticsinc.com\/wp-content\/uploads\/2022\/07\/image-5-1536x1229.jpg 1536w, https:\/\/vmxlogisticsinc.com\/wp-content\/uploads\/2022\/07\/image-5.jpg 1800w\" sizes=\"(max-width: 1024px) 100vw, 1024px\" \/><\/figure><div class=\"wp-block-media-text__content\">\n<h3 class=\"animated lightSpeedInRight wp-block-heading\"><strong>Tipos de equipos<\/strong><\/h3>\n\n\n\n<ul class=\"has-black-color has-text-color wp-block-list\"><li>Remolques de caja seca: 53', 48', 45' y cachorros<\/li><li>Remolques refrigerados Supersaver de temperatura simple y m\u00faltiple: 53' y 48'<\/li><li>Unidades refrigeradas di\u00e9sel el\u00e9ctricas ecol\u00f3gicas<\/li><li>Equipos Ligeros para Aplicaciones de Alta Densidad (Tractores y Remolques)<\/li><li>Remolques con puertas batientes y enrollables<\/li><li>Camas planas<\/li><li>Petroleras<\/li><li>Equipos con Logos Personalizados<\/li><\/ul>\n<\/div><\/div>","protected":false},"excerpt":{"rendered":"<p>Dedicated Who&nbsp;We Are VMX Logistics Dedicated is one of the nation\u2019s largest and most diversified dedicated carriers with over 2,200 power units and growing. Our highly experienced team has a proven track record over the last 25+ years of helping customers across North America drive efficiency, improve fleet utility, minimize liability exposure, and reduce costs [&hellip;]<\/p>\n","protected":false},"author":1,"featured_media":0,"parent":0,"menu_order":0,"comment_status":"closed","ping_status":"closed","template":"","meta":{"_uag_custom_page_level_css":"","site-sidebar-layout":"no-sidebar","site-content-layout":"plain-container","ast-site-content-layout":"default","site-content-style":"default","site-sidebar-style":"default","ast-global-header-display":"","ast-banner-title-visibility":"","ast-main-header-display":"","ast-hfb-above-header-display":"","ast-hfb-below-header-display":"","ast-hfb-mobile-header-display":"","site-post-title":"disabled","ast-breadcrumbs-content":"","ast-featured-img":"","footer-sml-layout":"","ast-disable-related-posts":"","theme-transparent-header-meta":"","adv-header-id-meta":"","stick-header-meta":"","header-above-stick-meta":"","header-main-stick-meta":"","header-below-stick-meta":"","astra-migrate-meta-layouts":"default","ast-page-background-enabled":"default","ast-page-background-meta":{"desktop":{"background-color":"var(--ast-global-color-4)","background-image":"","background-repeat":"repeat","background-position":"center center","background-size":"auto","background-attachment":"scroll","background-type":"","background-media":"","overlay-type":"","overlay-color":"","overlay-opacity":"","overlay-gradient":""},"tablet":{"background-color":"","background-image":"","background-repeat":"repeat","background-position":"center center","background-size":"auto","background-attachment":"scroll","background-type":"","background-media":"","overlay-type":"","overlay-color":"","overlay-opacity":"","overlay-gradient":""},"mobile":{"background-color":"","background-image":"","background-repeat":"repeat","background-position":"center center","background-size":"auto","background-attachment":"scroll","background-type":"","background-media":"","overlay-type":"","overlay-color":"","overlay-opacity":"","overlay-gradient":""}},"ast-content-background-meta":{"desktop":{"background-color":"var(--ast-global-color-5)","background-image":"","background-repeat":"repeat","background-position":"center center","background-size":"auto","background-attachment":"scroll","background-type":"","background-media":"","overlay-type":"","overlay-color":"","overlay-opacity":"","overlay-gradient":""},"tablet":{"background-color":"var(--ast-global-color-5)","background-image":"","background-repeat":"repeat","background-position":"center center","background-size":"auto","background-attachment":"scroll","background-type":"","background-media":"","overlay-type":"","overlay-color":"","overlay-opacity":"","overlay-gradient":""},"mobile":{"background-color":"var(--ast-global-color-5)","background-image":"","background-repeat":"repeat","background-position":"center center","background-size":"auto","background-attachment":"scroll","background-type":"","background-media":"","overlay-type":"","overlay-color":"","overlay-opacity":"","overlay-gradient":""}},"_joinchat":[],"footnotes":""},"class_list":["post-1416","page","type-page","status-publish","hentry"],"uagb_featured_image_src":{"full":false,"thumbnail":false,"medium":false,"medium_large":false,"large":false,"master_addons_team_thumb":false,"1536x1536":false,"2048x2048":false,"trp-custom-language-flag":false},"uagb_author_info":{"display_name":"admin","author_link":"https:\/\/vmxlogisticsinc.com\/es\/author\/admin\/"},"uagb_comment_info":0,"uagb_excerpt":"Dedicated Who&nbsp;We Are VMX Logistics Dedicated is one of the nation\u2019s largest and most diversified dedicated carriers with over 2,200 power units and growing. Our highly experienced team has a proven track record over the last 25+ years of helping customers across North America drive efficiency, improve fleet utility, minimize liability exposure, and reduce costs&hellip;","_links":{"self":[{"href":"https:\/\/vmxlogisticsinc.com\/es\/wp-json\/wp\/v2\/pages\/1416","targetHints":{"allow":["GET"]}}],"collection":[{"href":"https:\/\/vmxlogisticsinc.com\/es\/wp-json\/wp\/v2\/pages"}],"about":[{"href":"https:\/\/vmxlogisticsinc.com\/es\/wp-json\/wp\/v2\/types\/page"}],"author":[{"embeddable":true,"href":"https:\/\/vmxlogisticsinc.com\/es\/wp-json\/wp\/v2\/users\/1"}],"replies":[{"embeddable":true,"href":"https:\/\/vmxlogisticsinc.com\/es\/wp-json\/wp\/v2\/comments?post=1416"}],"version-history":[{"count":10,"href":"https:\/\/vmxlogisticsinc.com\/es\/wp-json\/wp\/v2\/pages\/1416\/revisions"}],"predecessor-version":[{"id":1491,"href":"https:\/\/vmxlogisticsinc.com\/es\/wp-json\/wp\/v2\/pages\/1416\/revisions\/1491"}],"wp:attachment":[{"href":"https:\/\/vmxlogisticsinc.com\/es\/wp-json\/wp\/v2\/media?parent=1416"}],"curies":[{"name":"wp","href":"https:\/\/api.w.org\/{rel}","templated":true}]}}