{"id":1434,"date":"2022-09-23T11:34:24","date_gmt":"2022-09-23T17:34:24","guid":{"rendered":"http:\/\/vmxlogisticsinc.com\/?page_id=1434"},"modified":"2022-10-14T11:14:00","modified_gmt":"2022-10-14T17:14:00","slug":"regional-solutions","status":"publish","type":"page","link":"https:\/\/vmxlogisticsinc.com\/es\/regional-solutions\/","title":{"rendered":"Soluciones Regionales"},"content":{"rendered":"<p><\/p>\n\n\n\n<div class=\"wp-block-cover alignfull is-light has-parallax\" style=\"background-image:url(http:\/\/vmxlogisticsinc.com\/wp-content\/uploads\/2022\/09\/big-truck-tractor-trailer-industry-1308606.jpg)\"><span aria-hidden=\"true\" class=\"wp-block-cover__background has-background-dim\"><\/span><div class=\"wp-block-cover__inner-container is-layout-flow wp-block-cover-is-layout-flow\">\n<p class=\"has-text-align-center animated lightSpeedInLeft has-white-color has-text-color has-large-font-size\" style=\"line-height:0\">VMX Logistics<\/p>\n\n\n\n<p class=\"has-text-align-center animated lightSpeedInRight has-white-color has-text-color has-large-font-size\" style=\"line-height:0\">Soluciones Regionales<\/p>\n<\/div><\/div>\n\n\n\n<div class=\"wp-block-media-text alignwide is-stacked-on-mobile\"><figure class=\"wp-block-media-text__media\"><img fetchpriority=\"high\" decoding=\"async\" width=\"510\" height=\"382\" src=\"http:\/\/vmxlogisticsinc.com\/wp-content\/uploads\/2022\/09\/musa-1.gif\" alt=\"\" class=\"wp-image-1394 size-full\"\/><\/figure><div class=\"wp-block-media-text__content\">\n<h3 class=\"animated lightSpeedInLeft wp-block-heading\">Transporte Regional Estrat\u00e9gico<\/h3>\n\n\n\n<p class=\"has-black-color has-text-color\">VMX Logistics brinda servicios flexibles de transporte de corta distancia a trav\u00e9s de nuestra divisi\u00f3n Regional, estrat\u00e9gicamente ubicada en todo Estados Unidos. Ya sea que su carga requiera un movimiento acelerado, un entorno climatizado o un tr\u00e1nsito seguro, VMX Logistics tiene una soluci\u00f3n. VMX Logistics puede entregar su carga de forma \u00fanica, segura, eficiente y puntual. Nuestros equipos de transporte regional son profesionales de \u00e9lite con mucha experiencia que brindan un servicio excepcional a precios competitivos. Uno de nuestros sellos distintivos es la calidad de nuestros conductores y personal de apoyo: profesionales experimentados, capacitados y dedicados a la satisfacci\u00f3n del cliente. Nuestra gente marca la diferencia en el \u00e9xito de cada transacci\u00f3n.<\/p>\n<\/div><\/div>\n\n\n\n<div class=\"wp-block-cover alignfull is-light\"><span aria-hidden=\"true\" class=\"wp-block-cover__background has-background-dim\"><\/span><img decoding=\"async\" width=\"567\" height=\"567\" class=\"wp-block-cover__image-background wp-image-1372\" alt=\"\" src=\"http:\/\/vmxlogisticsinc.com\/wp-content\/uploads\/2022\/09\/semi-trailers-534577_960_720-1-e1541783245723.jpg\" style=\"object-position:52% 51%\" data-object-fit=\"cover\" data-object-position=\"52% 51%\" srcset=\"https:\/\/vmxlogisticsinc.com\/wp-content\/uploads\/2022\/09\/semi-trailers-534577_960_720-1-e1541783245723.jpg 567w, https:\/\/vmxlogisticsinc.com\/wp-content\/uploads\/2022\/09\/semi-trailers-534577_960_720-1-e1541783245723-300x300.jpg 300w, https:\/\/vmxlogisticsinc.com\/wp-content\/uploads\/2022\/09\/semi-trailers-534577_960_720-1-e1541783245723-150x150.jpg 150w\" sizes=\"(max-width: 567px) 100vw, 567px\" \/><div class=\"wp-block-cover__inner-container is-layout-flow wp-block-cover-is-layout-flow\">\n<p class=\"has-text-align-center animated lightSpeedInRight has-white-color has-text-color has-large-font-size\"><strong>Areas de servicio<\/strong><\/p>\n\n\n\n<section class=\"wp-block-uagb-columns uagb-columns__wrap uagb-columns__background-none uagb-columns__stack-mobile uagb-columns__valign- uagb-columns__gap-10 align uagb-block-afaf3c1e uagb-columns__columns-5 uagb-columns__max_width-theme\"><div class=\"uagb-columns__overlay\"><\/div><div class=\"uagb-columns__inner-wrap uagb-columns__columns-5\">\n<div class=\"wp-block-uagb-column uagb-column__wrap uagb-column__background-undefined uagb-block-2fc46735\"><div class=\"uagb-column__overlay\"><\/div><\/div>\n\n\n\n<div class=\"wp-block-uagb-column uagb-column__wrap uagb-column__background-undefined uagb-block-eb0c0a23\"><div class=\"uagb-column__overlay\"><\/div>\n<h4 class=\"has-vivid-red-color has-text-color wp-block-heading\">Regional Oeste<\/h4>\n\n\n\n<p class=\"has-white-color has-text-color\">VMX Logistics brinda servicios flexibles de transporte de corta distancia a trav\u00e9s de nuestra divisi\u00f3n regional, ubicada estrat\u00e9gicamente en todo el oeste de los Estados Unidos. Ya sea que su carga requiera un movimiento acelerado, un entorno con clima controlado o un tr\u00e1nsito seguro, VMX Logistics tiene una soluci\u00f3n. Nuestras cuadrillas de transporte regional son profesionales de \u00e9lite con mucha experiencia que brindan un servicio excepcional a precios competitivos. Lo mejor de todo es que VMX Logistics entrega su carga de manera segura, eficiente y puntual.<\/p>\n<\/div>\n\n\n\n<div class=\"wp-block-uagb-column uagb-column__wrap uagb-column__background-undefined uagb-block-89b03501\"><div class=\"uagb-column__overlay\"><\/div>\n<h4 class=\"has-vivid-red-color has-text-color wp-block-heading\">Regi\u00f3n del Medio Oeste<\/h4>\n\n\n\n<p class=\"has-white-color has-text-color\">VMX Logistics brinda servicios flexibles de transporte de corta distancia a trav\u00e9s de nuestra divisi\u00f3n regional, estrat\u00e9gicamente ubicada en el Medio Oeste. Ya sea que su carga requiera un movimiento acelerado, un entorno climatizado o un tr\u00e1nsito seguro, VMX Logistics tiene una soluci\u00f3n. Nuestros equipos de transporte regional son profesionales de \u00e9lite con gran experiencia que brindan un servicio excepcional a tarifas competitivas. Lo mejor de todo es que VMX Logistics entrega su carga de manera segura, eficiente y puntual.<\/p>\n<\/div>\n\n\n\n<div class=\"wp-block-uagb-column uagb-column__wrap uagb-column__background-undefined uagb-block-9f8c791d\"><div class=\"uagb-column__overlay\"><\/div><\/div>\n\n\n\n<div class=\"wp-block-uagb-column uagb-column__wrap uagb-column__background-undefined uagb-block-e7815882\"><div class=\"uagb-column__overlay\"><\/div><\/div>\n<\/div><\/section>\n<\/div><\/div>\n\n\n\n<p class=\"has-black-color has-text-color\">Desde nuestras ra\u00edces como una operaci\u00f3n familiar modesta, VMX Logistics ha crecido hasta convertirse en una de las empresas de transporte y log\u00edstica m\u00e1s grandes y diversificadas del mundo. Brindamos soluciones confiables, econ\u00f3micas y puntuales en Am\u00e9rica del Norte y Asia. A trav\u00e9s de nuestros servicios, procesos y tecnolog\u00edas,\u00a0VMX Logistics ofrece una experiencia de cliente transparente y sin inconvenientes.<\/p>\n\n\n\n<ul class=\"has-black-color has-text-color wp-block-list\"><li>Servicio confiable a tiempo<\/li><li>Estado del equipo de arte<\/li><li>Seguimiento y comunicaci\u00f3n satelital en tiempo real<\/li><li>Servicio en solitario<\/li><li>Ventaja de Tr\u00e1nsito del Equipo<\/li><li>Una gran base de conductores y tractores a la que acudir en caso de que surjan problemas<\/li><li>Tarifas de transporte competitivas<\/li><\/ul>","protected":false},"excerpt":{"rendered":"<p>Strategic Regional Shipping VMX Logistics provides flexible, short haul transportation services through our Regional division, strategically positioned throughout the United States. Whether your cargo requires expedited movement, a climate-controlled environment, or secure transit, VMX Logistics has a solution. VMX Logistics can uniquely deliver your freight safely, efficiently, and on time. Our Regional transportation crews are [&hellip;]<\/p>\n","protected":false},"author":1,"featured_media":0,"parent":0,"menu_order":0,"comment_status":"closed","ping_status":"closed","template":"","meta":{"_uag_custom_page_level_css":"","site-sidebar-layout":"no-sidebar","site-content-layout":"plain-container","ast-site-content-layout":"default","site-content-style":"default","site-sidebar-style":"default","ast-global-header-display":"","ast-banner-title-visibility":"","ast-main-header-display":"","ast-hfb-above-header-display":"","ast-hfb-below-header-display":"","ast-hfb-mobile-header-display":"","site-post-title":"","ast-breadcrumbs-content":"","ast-featured-img":"","footer-sml-layout":"","ast-disable-related-posts":"","theme-transparent-header-meta":"","adv-header-id-meta":"","stick-header-meta":"","header-above-stick-meta":"","header-main-stick-meta":"","header-below-stick-meta":"","astra-migrate-meta-layouts":"default","ast-page-background-enabled":"default","ast-page-background-meta":{"desktop":{"background-color":"var(--ast-global-color-4)","background-image":"","background-repeat":"repeat","background-position":"center center","background-size":"auto","background-attachment":"scroll","background-type":"","background-media":"","overlay-type":"","overlay-color":"","overlay-opacity":"","overlay-gradient":""},"tablet":{"background-color":"","background-image":"","background-repeat":"repeat","background-position":"center center","background-size":"auto","background-attachment":"scroll","background-type":"","background-media":"","overlay-type":"","overlay-color":"","overlay-opacity":"","overlay-gradient":""},"mobile":{"background-color":"","background-image":"","background-repeat":"repeat","background-position":"center center","background-size":"auto","background-attachment":"scroll","background-type":"","background-media":"","overlay-type":"","overlay-color":"","overlay-opacity":"","overlay-gradient":""}},"ast-content-background-meta":{"desktop":{"background-color":"var(--ast-global-color-5)","background-image":"","background-repeat":"repeat","background-position":"center center","background-size":"auto","background-attachment":"scroll","background-type":"","background-media":"","overlay-type":"","overlay-color":"","overlay-opacity":"","overlay-gradient":""},"tablet":{"background-color":"var(--ast-global-color-5)","background-image":"","background-repeat":"repeat","background-position":"center center","background-size":"auto","background-attachment":"scroll","background-type":"","background-media":"","overlay-type":"","overlay-color":"","overlay-opacity":"","overlay-gradient":""},"mobile":{"background-color":"var(--ast-global-color-5)","background-image":"","background-repeat":"repeat","background-position":"center center","background-size":"auto","background-attachment":"scroll","background-type":"","background-media":"","overlay-type":"","overlay-color":"","overlay-opacity":"","overlay-gradient":""}},"_joinchat":[],"footnotes":""},"class_list":["post-1434","page","type-page","status-publish","hentry"],"uagb_featured_image_src":{"full":false,"thumbnail":false,"medium":false,"medium_large":false,"large":false,"master_addons_team_thumb":false,"1536x1536":false,"2048x2048":false,"trp-custom-language-flag":false},"uagb_author_info":{"display_name":"admin","author_link":"https:\/\/vmxlogisticsinc.com\/es\/author\/admin\/"},"uagb_comment_info":0,"uagb_excerpt":"Strategic Regional Shipping VMX Logistics provides flexible, short haul transportation services through our Regional division, strategically positioned throughout the United States. Whether your cargo requires expedited movement, a climate-controlled environment, or secure transit, VMX Logistics has a solution. VMX Logistics can uniquely deliver your freight safely, efficiently, and on time. Our Regional transportation crews are&hellip;","_links":{"self":[{"href":"https:\/\/vmxlogisticsinc.com\/es\/wp-json\/wp\/v2\/pages\/1434","targetHints":{"allow":["GET"]}}],"collection":[{"href":"https:\/\/vmxlogisticsinc.com\/es\/wp-json\/wp\/v2\/pages"}],"about":[{"href":"https:\/\/vmxlogisticsinc.com\/es\/wp-json\/wp\/v2\/types\/page"}],"author":[{"embeddable":true,"href":"https:\/\/vmxlogisticsinc.com\/es\/wp-json\/wp\/v2\/users\/1"}],"replies":[{"embeddable":true,"href":"https:\/\/vmxlogisticsinc.com\/es\/wp-json\/wp\/v2\/comments?post=1434"}],"version-history":[{"count":8,"href":"https:\/\/vmxlogisticsinc.com\/es\/wp-json\/wp\/v2\/pages\/1434\/revisions"}],"predecessor-version":[{"id":1505,"href":"https:\/\/vmxlogisticsinc.com\/es\/wp-json\/wp\/v2\/pages\/1434\/revisions\/1505"}],"wp:attachment":[{"href":"https:\/\/vmxlogisticsinc.com\/es\/wp-json\/wp\/v2\/media?parent=1434"}],"curies":[{"name":"wp","href":"https:\/\/api.w.org\/{rel}","templated":true}]}}