{"id":1448,"date":"2022-09-27T08:38:13","date_gmt":"2022-09-27T14:38:13","guid":{"rendered":"http:\/\/vmxlogisticsinc.com\/?page_id=1448"},"modified":"2022-10-14T09:43:06","modified_gmt":"2022-10-14T15:43:06","slug":"mexico-solutions","status":"publish","type":"page","link":"https:\/\/vmxlogisticsinc.com\/es\/mexico-solutions\/","title":{"rendered":"Soluciones M\u00e9xico"},"content":{"rendered":"<div class=\"wp-block-cover alignfull has-parallax\" style=\"background-image:url(http:\/\/vmxlogisticsinc.com\/wp-content\/uploads\/2022\/09\/truck-lorry-sunset-331499.jpg)\"><span aria-hidden=\"true\" class=\"wp-block-cover__background has-background-dim-70 has-background-dim\"><\/span><div class=\"wp-block-cover__inner-container is-layout-flow wp-block-cover-is-layout-flow\">\n<p class=\"has-text-align-center animated backInDown has-white-color has-text-color has-large-font-size\" style=\"line-height:0\">VMX Logistics<\/p>\n\n\n\n<p class=\"has-text-align-center animated backInDown has-white-color has-text-color has-large-font-size\" style=\"line-height:0\">Soluciones M\u00e9xico<\/p>\n\n\n\n<div class=\"wp-block-columns is-layout-flex wp-container-core-columns-is-layout-28f84493 wp-block-columns-is-layout-flex\">\n<div class=\"wp-block-column is-layout-flow wp-block-column-is-layout-flow\" style=\"flex-basis:25%\"><\/div>\n\n\n\n<div class=\"wp-block-column is-layout-flow wp-block-column-is-layout-flow\" style=\"flex-basis:50%\">\n<p class=\"has-white-color has-text-color has-medium-font-size\">VMX Logistics est\u00e1 bien equipado para manejar sus necesidades de transporte dentro y fuera de M\u00e9xico. Brindamos un equipo de personas de calidad, equipos de \u00faltimo modelo y tecnolog\u00eda innovadora que hace que su env\u00edo transnacional a trav\u00e9s de la frontera entre EE. UU. y M\u00e9xico sea perfecto. Le permitimos importar y exportar productos de forma r\u00e1pida, segura, eficiente y sin estr\u00e9s. Nuestro personal biling\u00fce habla espa\u00f1ol e ingl\u00e9s con fluidez, y son buenos comunicadores interculturales.<\/p>\n<\/div>\n\n\n\n<div class=\"wp-block-column is-layout-flow wp-block-column-is-layout-flow\" style=\"flex-basis:25%\"><\/div>\n<\/div>\n<\/div><\/div>\n\n\n\n<div class=\"wp-block-columns is-layout-flex wp-container-core-columns-is-layout-28f84493 wp-block-columns-is-layout-flex\">\n<div class=\"wp-block-column is-layout-flow wp-block-column-is-layout-flow\" style=\"flex-basis:10%\"><\/div>\n\n\n\n<div class=\"wp-block-column is-layout-flow wp-block-column-is-layout-flow\" style=\"flex-basis:80%\">\n<div class=\"wp-block-media-text alignwide is-stacked-on-mobile\" style=\"grid-template-columns:34% auto\"><figure class=\"wp-block-media-text__media\"><img fetchpriority=\"high\" decoding=\"async\" width=\"1024\" height=\"573\" src=\"http:\/\/vmxlogisticsinc.com\/wp-content\/uploads\/2022\/09\/istock-1089424824-1024x573.jpg\" alt=\"\" class=\"wp-image-1450 size-full\" srcset=\"https:\/\/vmxlogisticsinc.com\/wp-content\/uploads\/2022\/09\/istock-1089424824-1024x573.jpg 1024w, https:\/\/vmxlogisticsinc.com\/wp-content\/uploads\/2022\/09\/istock-1089424824-300x168.jpg 300w, https:\/\/vmxlogisticsinc.com\/wp-content\/uploads\/2022\/09\/istock-1089424824-768x430.jpg 768w, https:\/\/vmxlogisticsinc.com\/wp-content\/uploads\/2022\/09\/istock-1089424824-1536x860.jpg 1536w, https:\/\/vmxlogisticsinc.com\/wp-content\/uploads\/2022\/09\/istock-1089424824-2048x1146.jpg 2048w\" sizes=\"(max-width: 1024px) 100vw, 1024px\" \/><\/figure><div class=\"wp-block-media-text__content\">\n<h3 class=\"animated rollIn wp-block-heading\">Env\u00ede f\u00e1cilmente hacia y desde M\u00e9xico<\/h3>\n\n\n\n<p class=\"has-black-color has-text-color\">VMX Logistics est\u00e1 en el negocio de garantizar que toda la carga se mueva a trav\u00e9s de la frontera entre EE. UU. y M\u00e9xico de manera segura y sin demoras innecesarias. Operamos patios de conexi\u00f3n de servicio completo en m\u00faltiples puntos de cruce a lo largo de la frontera. La ubicaci\u00f3n del tr\u00e1iler, los sellos y las temperaturas se controlan durante todo el proceso de cruce fronterizo y durante el tr\u00e1nsito hacia el destino final. Nuestros socios transportistas de M\u00e9xico son l\u00edderes en transporte refrigerado y brindan un servicio y equipo de calidad para cada cliente. Finalmente, VMX Logistics emplea seguimiento satelital de tractores y remolques para garantizar a\u00fan m\u00e1s que la carga llegue de manera segura y oportuna a sus destinos finales.<\/p>\n<\/div><\/div>\n<\/div>\n\n\n\n<div class=\"wp-block-column is-layout-flow wp-block-column-is-layout-flow\" style=\"flex-basis:10%\"><\/div>\n<\/div>\n\n\n\n<div class=\"wp-block-cover alignfull is-light\"><span aria-hidden=\"true\" class=\"wp-block-cover__background has-background-dim\"><\/span><img decoding=\"async\" width=\"1800\" height=\"1440\" class=\"wp-block-cover__image-background wp-image-4\" alt=\"\" src=\"http:\/\/vmxlogisticsinc.com\/wp-content\/uploads\/2022\/07\/image-1.jpg\" data-object-fit=\"cover\" srcset=\"https:\/\/vmxlogisticsinc.com\/wp-content\/uploads\/2022\/07\/image-1.jpg 1800w, https:\/\/vmxlogisticsinc.com\/wp-content\/uploads\/2022\/07\/image-1-300x240.jpg 300w, https:\/\/vmxlogisticsinc.com\/wp-content\/uploads\/2022\/07\/image-1-1024x819.jpg 1024w, https:\/\/vmxlogisticsinc.com\/wp-content\/uploads\/2022\/07\/image-1-768x614.jpg 768w, https:\/\/vmxlogisticsinc.com\/wp-content\/uploads\/2022\/07\/image-1-1536x1229.jpg 1536w\" sizes=\"(max-width: 1800px) 100vw, 1800px\" \/><div class=\"wp-block-cover__inner-container is-layout-flow wp-block-cover-is-layout-flow\">\n<div class=\"wp-block-columns is-layout-flex wp-container-core-columns-is-layout-28f84493 wp-block-columns-is-layout-flex\">\n<div class=\"wp-block-column is-layout-flow wp-block-column-is-layout-flow\" style=\"flex-basis:100%\">\n<div class=\"wp-block-columns is-layout-flex wp-container-core-columns-is-layout-28f84493 wp-block-columns-is-layout-flex\">\n<div class=\"wp-block-column is-layout-flow wp-block-column-is-layout-flow\" style=\"flex-basis:10%\"><\/div>\n\n\n\n<div class=\"wp-block-column is-layout-flow wp-block-column-is-layout-flow\" style=\"flex-basis:80%\">\n<div class=\"wp-block-media-text alignwide has-media-on-the-right is-stacked-on-mobile is-vertically-aligned-center\"><figure class=\"wp-block-media-text__media\"><img decoding=\"async\" width=\"800\" height=\"544\" src=\"http:\/\/vmxlogisticsinc.com\/wp-content\/uploads\/2022\/09\/mapa-mexico-png-19-800.png\" alt=\"\" class=\"wp-image-1452 size-full\" srcset=\"https:\/\/vmxlogisticsinc.com\/wp-content\/uploads\/2022\/09\/mapa-mexico-png-19-800.png 800w, https:\/\/vmxlogisticsinc.com\/wp-content\/uploads\/2022\/09\/mapa-mexico-png-19-800-300x204.png 300w, https:\/\/vmxlogisticsinc.com\/wp-content\/uploads\/2022\/09\/mapa-mexico-png-19-800-768x522.png 768w\" sizes=\"(max-width: 800px) 100vw, 800px\" \/><\/figure><div class=\"wp-block-media-text__content\">\n<h3 class=\"has-text-align-center animated rollIn has-vivid-red-color has-text-color wp-block-heading\">Proceso de cruce fronterizo<\/h3>\n\n\n\n<ul class=\"has-white-color has-text-color wp-block-list\"><li>El tractor carga en el remitente y se traslada a la frontera (SB) o al patio de entrega del transportador MX (NB) para la inspecci\u00f3n del remolque.<\/li><li>Luego, el remolque se entrega al almac\u00e9n del agente de carga.<\/li><li>Transportista de acarreo de terceros contratado para mover el tr\u00e1iler a trav\u00e9s de la aduana (SB y NB).<\/li><li>El transportador de acarreo deja caer el remolque al patio de entrega del transportador MX (SB y NB).<\/li><li>El portador del lado del destino lleva el remolque al destino final.<\/li><\/ul>\n<\/div><\/div>\n<\/div>\n\n\n\n<div class=\"wp-block-column is-layout-flow wp-block-column-is-layout-flow\" style=\"flex-basis:10%\"><\/div>\n<\/div>\n<\/div>\n<\/div>\n<\/div><\/div>\n\n\n\n<h2 class=\"animated rollIn wp-block-heading\">Beneficios de M\u00e9xico<\/h2>\n\n\n\n<p class=\"has-black-color has-text-color\"><strong>Nuestro equipo de Servicios en M\u00e9xico est\u00e1 comprometido a satisfacer sus necesidades mediante la entrega de una cartera diversificada de soluciones de transporte, mayor capacidad y tecnolog\u00edas innovadoras.<\/strong><\/p>\n\n\n\n<div class=\"wp-block-media-text alignwide has-media-on-the-right is-stacked-on-mobile\" style=\"grid-template-columns:auto 41%\"><figure class=\"wp-block-media-text__media\"><img loading=\"lazy\" decoding=\"async\" width=\"1024\" height=\"682\" src=\"http:\/\/vmxlogisticsinc.com\/wp-content\/uploads\/2022\/09\/trailer-free-way-street-2821120-1-1024x682.jpg\" alt=\"trailer, free way, street-2821120.jpg\" class=\"wp-image-1455 size-full\" srcset=\"https:\/\/vmxlogisticsinc.com\/wp-content\/uploads\/2022\/09\/trailer-free-way-street-2821120-1-1024x682.jpg 1024w, https:\/\/vmxlogisticsinc.com\/wp-content\/uploads\/2022\/09\/trailer-free-way-street-2821120-1-300x200.jpg 300w, https:\/\/vmxlogisticsinc.com\/wp-content\/uploads\/2022\/09\/trailer-free-way-street-2821120-1-768x512.jpg 768w, https:\/\/vmxlogisticsinc.com\/wp-content\/uploads\/2022\/09\/trailer-free-way-street-2821120-1.jpg 1280w\" sizes=\"(max-width: 1024px) 100vw, 1024px\" \/><\/figure><div class=\"wp-block-media-text__content\">\n<ul class=\"has-black-color has-text-color wp-block-list\"><li>Tarifas competitivas<\/li><li>Control de temperatura<\/li><li>Carga de camiones de corta distancia<\/li><li>Servicios de transbordo<\/li><li>Representantes de servicio biling\u00fces<\/li><li>Servicios log\u00edsticos de \u00faltima milla<\/li><li>Portador consolidado<\/li><li>Carga de camiones de corta distancia<\/li><li>Despacho y seguimiento por sat\u00e9lite<\/li><li>Coordinaci\u00f3n de despacho de aduanas.<\/li><li>Vigilancia de fronteras<\/li><li>Cumple con C-TPAT<\/li><\/ul>\n<\/div><\/div>","protected":false},"excerpt":{"rendered":"<p>Easily Ship To &amp; From Mexico VMX Logistics is in the business of ensuring that all cargo moves across the U.S.\u2013Mexico border safely and without unnecessary delays. We operate full-service connection yards at multiple crossing points along the border. Trailer location, seals, and temperatures are monitored throughout the border crossing process and while in transit [&hellip;]<\/p>\n","protected":false},"author":1,"featured_media":0,"parent":0,"menu_order":0,"comment_status":"closed","ping_status":"closed","template":"","meta":{"_uag_custom_page_level_css":"","site-sidebar-layout":"no-sidebar","site-content-layout":"page-builder","ast-site-content-layout":"default","site-content-style":"default","site-sidebar-style":"default","ast-global-header-display":"","ast-banner-title-visibility":"","ast-main-header-display":"","ast-hfb-above-header-display":"","ast-hfb-below-header-display":"","ast-hfb-mobile-header-display":"","site-post-title":"disabled","ast-breadcrumbs-content":"","ast-featured-img":"","footer-sml-layout":"","ast-disable-related-posts":"","theme-transparent-header-meta":"","adv-header-id-meta":"","stick-header-meta":"","header-above-stick-meta":"","header-main-stick-meta":"","header-below-stick-meta":"","astra-migrate-meta-layouts":"default","ast-page-background-enabled":"default","ast-page-background-meta":{"desktop":{"background-color":"var(--ast-global-color-4)","background-image":"","background-repeat":"repeat","background-position":"center center","background-size":"auto","background-attachment":"scroll","background-type":"","background-media":"","overlay-type":"","overlay-color":"","overlay-opacity":"","overlay-gradient":""},"tablet":{"background-color":"","background-image":"","background-repeat":"repeat","background-position":"center center","background-size":"auto","background-attachment":"scroll","background-type":"","background-media":"","overlay-type":"","overlay-color":"","overlay-opacity":"","overlay-gradient":""},"mobile":{"background-color":"","background-image":"","background-repeat":"repeat","background-position":"center center","background-size":"auto","background-attachment":"scroll","background-type":"","background-media":"","overlay-type":"","overlay-color":"","overlay-opacity":"","overlay-gradient":""}},"ast-content-background-meta":{"desktop":{"background-color":"var(--ast-global-color-5)","background-image":"","background-repeat":"repeat","background-position":"center center","background-size":"auto","background-attachment":"scroll","background-type":"","background-media":"","overlay-type":"","overlay-color":"","overlay-opacity":"","overlay-gradient":""},"tablet":{"background-color":"var(--ast-global-color-5)","background-image":"","background-repeat":"repeat","background-position":"center center","background-size":"auto","background-attachment":"scroll","background-type":"","background-media":"","overlay-type":"","overlay-color":"","overlay-opacity":"","overlay-gradient":""},"mobile":{"background-color":"var(--ast-global-color-5)","background-image":"","background-repeat":"repeat","background-position":"center center","background-size":"auto","background-attachment":"scroll","background-type":"","background-media":"","overlay-type":"","overlay-color":"","overlay-opacity":"","overlay-gradient":""}},"_joinchat":[],"footnotes":""},"class_list":["post-1448","page","type-page","status-publish","hentry"],"uagb_featured_image_src":{"full":false,"thumbnail":false,"medium":false,"medium_large":false,"large":false,"master_addons_team_thumb":false,"1536x1536":false,"2048x2048":false,"trp-custom-language-flag":false},"uagb_author_info":{"display_name":"admin","author_link":"https:\/\/vmxlogisticsinc.com\/es\/author\/admin\/"},"uagb_comment_info":0,"uagb_excerpt":"Easily Ship To &amp; From Mexico VMX Logistics is in the business of ensuring that all cargo moves across the U.S.\u2013Mexico border safely and without unnecessary delays. We operate full-service connection yards at multiple crossing points along the border. Trailer location, seals, and temperatures are monitored throughout the border crossing process and while in transit&hellip;","_links":{"self":[{"href":"https:\/\/vmxlogisticsinc.com\/es\/wp-json\/wp\/v2\/pages\/1448","targetHints":{"allow":["GET"]}}],"collection":[{"href":"https:\/\/vmxlogisticsinc.com\/es\/wp-json\/wp\/v2\/pages"}],"about":[{"href":"https:\/\/vmxlogisticsinc.com\/es\/wp-json\/wp\/v2\/types\/page"}],"author":[{"embeddable":true,"href":"https:\/\/vmxlogisticsinc.com\/es\/wp-json\/wp\/v2\/users\/1"}],"replies":[{"embeddable":true,"href":"https:\/\/vmxlogisticsinc.com\/es\/wp-json\/wp\/v2\/comments?post=1448"}],"version-history":[{"count":6,"href":"https:\/\/vmxlogisticsinc.com\/es\/wp-json\/wp\/v2\/pages\/1448\/revisions"}],"predecessor-version":[{"id":1488,"href":"https:\/\/vmxlogisticsinc.com\/es\/wp-json\/wp\/v2\/pages\/1448\/revisions\/1488"}],"wp:attachment":[{"href":"https:\/\/vmxlogisticsinc.com\/es\/wp-json\/wp\/v2\/media?parent=1448"}],"curies":[{"name":"wp","href":"https:\/\/api.w.org\/{rel}","templated":true}]}}