{"id":1463,"date":"2022-09-30T10:46:13","date_gmt":"2022-09-30T16:46:13","guid":{"rendered":"http:\/\/vmxlogisticsinc.com\/?page_id=1463"},"modified":"2022-10-14T11:19:17","modified_gmt":"2022-10-14T17:19:17","slug":"intermodal-solutions","status":"publish","type":"page","link":"https:\/\/vmxlogisticsinc.com\/es\/intermodal-solutions\/","title":{"rendered":"Soluciones Intermodales"},"content":{"rendered":"<div class=\"wp-block-cover alignfull has-parallax\" style=\"background-image:url(http:\/\/vmxlogisticsinc.com\/wp-content\/uploads\/2022\/07\/image-2.jpg)\"><span aria-hidden=\"true\" class=\"wp-block-cover__background has-background-dim-70 has-background-dim\"><\/span><div class=\"wp-block-cover__inner-container is-layout-flow wp-block-cover-is-layout-flow\">\n<p class=\"has-text-align-center animated lightSpeedInRight has-vivid-red-color has-text-color has-large-font-size\" style=\"line-height:0\"><strong>VMX Logisticis<\/strong><\/p>\n\n\n\n<p class=\"has-text-align-center animated lightSpeedInRight has-vivid-red-color has-text-color has-large-font-size\" style=\"line-height:0\"><strong>Soluciones Intermodales<\/strong><\/p>\n<\/div><\/div>\n\n\n\n<div class=\"wp-block-media-text alignwide is-stacked-on-mobile\"><figure class=\"wp-block-media-text__media\"><img fetchpriority=\"high\" decoding=\"async\" width=\"1024\" height=\"647\" src=\"http:\/\/vmxlogisticsinc.com\/wp-content\/uploads\/2022\/09\/america-states-map-147939-1024x647.png\" alt=\"america, states, map-147939.jpg\" class=\"wp-image-1464 size-full\" srcset=\"https:\/\/vmxlogisticsinc.com\/wp-content\/uploads\/2022\/09\/america-states-map-147939-1024x647.png 1024w, https:\/\/vmxlogisticsinc.com\/wp-content\/uploads\/2022\/09\/america-states-map-147939-300x190.png 300w, https:\/\/vmxlogisticsinc.com\/wp-content\/uploads\/2022\/09\/america-states-map-147939-768x485.png 768w, https:\/\/vmxlogisticsinc.com\/wp-content\/uploads\/2022\/09\/america-states-map-147939.png 1280w\" sizes=\"(max-width: 1024px) 100vw, 1024px\" \/><\/figure><div class=\"wp-block-media-text__content\">\n<h3 class=\"animated lightSpeedInLeft wp-block-heading\">Viajes en tren a campo traviesa<\/h3>\n\n\n\n<p class=\"has-black-color has-text-color\">VMX Logistics, el proveedor de transporte refrigerado m\u00e1s grande del mundo, ha desarrollado asociaciones estrat\u00e9gicas con los principales ferrocarriles de Estados Unidos para abrir una capacidad intermodal esencial en las rutas de navegaci\u00f3n m\u00e1s importantes del pa\u00eds. Estas alianzas son responsables de construir e implementar r\u00e1pidamente lo que se ha convertido en la flota de contenedores intermodales refrigerados dom\u00e9sticos (COFC) m\u00e1s grande del pa\u00eds, respaldada por camiones de acarreo livianos de propiedad y operaci\u00f3n de VMX Logistics. Esta flota de acarreo brinda la capacidad de mover cargas de manera eficiente y efectiva entre las rampas de rieles y sus destinos finales.<\/p>\n<\/div><\/div>\n\n\n\n<div class=\"wp-block-cover alignfull\"><span aria-hidden=\"true\" class=\"wp-block-cover__background has-background-dim\"><\/span><img decoding=\"async\" width=\"1280\" height=\"733\" class=\"wp-block-cover__image-background wp-image-1417\" alt=\"trucker, sunrise, truck stop-2946821.jpg\" src=\"http:\/\/vmxlogisticsinc.com\/wp-content\/uploads\/2022\/09\/trucker-sunrise-truck-stop-2946821.jpg\" data-object-fit=\"cover\" srcset=\"https:\/\/vmxlogisticsinc.com\/wp-content\/uploads\/2022\/09\/trucker-sunrise-truck-stop-2946821.jpg 1280w, https:\/\/vmxlogisticsinc.com\/wp-content\/uploads\/2022\/09\/trucker-sunrise-truck-stop-2946821-300x172.jpg 300w, https:\/\/vmxlogisticsinc.com\/wp-content\/uploads\/2022\/09\/trucker-sunrise-truck-stop-2946821-1024x586.jpg 1024w, https:\/\/vmxlogisticsinc.com\/wp-content\/uploads\/2022\/09\/trucker-sunrise-truck-stop-2946821-768x440.jpg 768w\" sizes=\"(max-width: 1280px) 100vw, 1280px\" \/><div class=\"wp-block-cover__inner-container is-layout-flow wp-block-cover-is-layout-flow\">\n<div class=\"wp-block-media-text alignwide is-stacked-on-mobile\" style=\"grid-template-columns:57% auto\"><figure class=\"wp-block-media-text__media\"><img decoding=\"async\" width=\"572\" height=\"277\" src=\"http:\/\/vmxlogisticsinc.com\/wp-content\/uploads\/2022\/09\/Captura-de-pantalla-2022-06-15-220252-e1664556253614.jpg\" alt=\"\" class=\"wp-image-1465 size-full\" srcset=\"https:\/\/vmxlogisticsinc.com\/wp-content\/uploads\/2022\/09\/Captura-de-pantalla-2022-06-15-220252-e1664556253614.jpg 572w, https:\/\/vmxlogisticsinc.com\/wp-content\/uploads\/2022\/09\/Captura-de-pantalla-2022-06-15-220252-e1664556253614-300x145.jpg 300w\" sizes=\"(max-width: 572px) 100vw, 572px\" \/><\/figure><div class=\"wp-block-media-text__content\">\n<h3 class=\"animated lightSpeedInLeft has-vivid-red-color has-text-color wp-block-heading\">Acerca de TempStack<\/h3>\n\n\n\n<p class=\"has-white-color has-text-color\">TempStack es la innovadora control temperatura  de red intermodal de <strong>VMX Logisticis<\/strong> que ofrece ahorros de costos significativos, capacidad bajo demanda y una huella de carbono reducida para carga perecedera. La tecnolog\u00eda TempStack container-on-flatcar (COFC) apila dos contenedores refrigerados de alto volumen en un vag\u00f3n de ferrocarril. Con una extensa red, monitoreo de carga en tiempo real y una estructura de tarifas agresiva, TempStack ofrece soluciones de env\u00edo puerta a puerta a precios competitivos que no comprometen la calidad ni el servicio.<\/p>\n<\/div><\/div>\n<\/div><\/div>","protected":false},"excerpt":{"rendered":"<p>Cross Country Rail Travel VMX Logistics, the world\u2019s largest refrigerated transportation provider, has developed strategic partnerships with America\u2019s premier railroads to open up essential intermodal capacity across the most important shipping lanes in the country. These alliances are responsible for rapidly building and deploying what has become the nation\u2019s largest domestic refrigerated intermodal container (COFC) [&hellip;]<\/p>\n","protected":false},"author":1,"featured_media":0,"parent":0,"menu_order":0,"comment_status":"closed","ping_status":"closed","template":"","meta":{"_uag_custom_page_level_css":"","site-sidebar-layout":"no-sidebar","site-content-layout":"page-builder","ast-site-content-layout":"default","site-content-style":"default","site-sidebar-style":"default","ast-global-header-display":"","ast-banner-title-visibility":"","ast-main-header-display":"","ast-hfb-above-header-display":"","ast-hfb-below-header-display":"","ast-hfb-mobile-header-display":"","site-post-title":"disabled","ast-breadcrumbs-content":"","ast-featured-img":"","footer-sml-layout":"","ast-disable-related-posts":"","theme-transparent-header-meta":"","adv-header-id-meta":"","stick-header-meta":"","header-above-stick-meta":"","header-main-stick-meta":"","header-below-stick-meta":"","astra-migrate-meta-layouts":"default","ast-page-background-enabled":"default","ast-page-background-meta":{"desktop":{"background-color":"var(--ast-global-color-4)","background-image":"","background-repeat":"repeat","background-position":"center center","background-size":"auto","background-attachment":"scroll","background-type":"","background-media":"","overlay-type":"","overlay-color":"","overlay-opacity":"","overlay-gradient":""},"tablet":{"background-color":"","background-image":"","background-repeat":"repeat","background-position":"center center","background-size":"auto","background-attachment":"scroll","background-type":"","background-media":"","overlay-type":"","overlay-color":"","overlay-opacity":"","overlay-gradient":""},"mobile":{"background-color":"","background-image":"","background-repeat":"repeat","background-position":"center center","background-size":"auto","background-attachment":"scroll","background-type":"","background-media":"","overlay-type":"","overlay-color":"","overlay-opacity":"","overlay-gradient":""}},"ast-content-background-meta":{"desktop":{"background-color":"var(--ast-global-color-5)","background-image":"","background-repeat":"repeat","background-position":"center center","background-size":"auto","background-attachment":"scroll","background-type":"","background-media":"","overlay-type":"","overlay-color":"","overlay-opacity":"","overlay-gradient":""},"tablet":{"background-color":"var(--ast-global-color-5)","background-image":"","background-repeat":"repeat","background-position":"center center","background-size":"auto","background-attachment":"scroll","background-type":"","background-media":"","overlay-type":"","overlay-color":"","overlay-opacity":"","overlay-gradient":""},"mobile":{"background-color":"var(--ast-global-color-5)","background-image":"","background-repeat":"repeat","background-position":"center center","background-size":"auto","background-attachment":"scroll","background-type":"","background-media":"","overlay-type":"","overlay-color":"","overlay-opacity":"","overlay-gradient":""}},"_joinchat":[],"footnotes":""},"class_list":["post-1463","page","type-page","status-publish","hentry"],"uagb_featured_image_src":{"full":false,"thumbnail":false,"medium":false,"medium_large":false,"large":false,"master_addons_team_thumb":false,"1536x1536":false,"2048x2048":false,"trp-custom-language-flag":false},"uagb_author_info":{"display_name":"admin","author_link":"https:\/\/vmxlogisticsinc.com\/es\/author\/admin\/"},"uagb_comment_info":0,"uagb_excerpt":"Cross Country Rail Travel VMX Logistics, the world\u2019s largest refrigerated transportation provider, has developed strategic partnerships with America\u2019s premier railroads to open up essential intermodal capacity across the most important shipping lanes in the country. These alliances are responsible for rapidly building and deploying what has become the nation\u2019s largest domestic refrigerated intermodal container (COFC)&hellip;","_links":{"self":[{"href":"https:\/\/vmxlogisticsinc.com\/es\/wp-json\/wp\/v2\/pages\/1463","targetHints":{"allow":["GET"]}}],"collection":[{"href":"https:\/\/vmxlogisticsinc.com\/es\/wp-json\/wp\/v2\/pages"}],"about":[{"href":"https:\/\/vmxlogisticsinc.com\/es\/wp-json\/wp\/v2\/types\/page"}],"author":[{"embeddable":true,"href":"https:\/\/vmxlogisticsinc.com\/es\/wp-json\/wp\/v2\/users\/1"}],"replies":[{"embeddable":true,"href":"https:\/\/vmxlogisticsinc.com\/es\/wp-json\/wp\/v2\/comments?post=1463"}],"version-history":[{"count":4,"href":"https:\/\/vmxlogisticsinc.com\/es\/wp-json\/wp\/v2\/pages\/1463\/revisions"}],"predecessor-version":[{"id":1506,"href":"https:\/\/vmxlogisticsinc.com\/es\/wp-json\/wp\/v2\/pages\/1463\/revisions\/1506"}],"wp:attachment":[{"href":"https:\/\/vmxlogisticsinc.com\/es\/wp-json\/wp\/v2\/media?parent=1463"}],"curies":[{"name":"wp","href":"https:\/\/api.w.org\/{rel}","templated":true}]}}