{"id":1469,"date":"2022-09-30T11:21:12","date_gmt":"2022-09-30T17:21:12","guid":{"rendered":"http:\/\/vmxlogisticsinc.com\/?page_id=1469"},"modified":"2022-10-14T11:20:01","modified_gmt":"2022-10-14T17:20:01","slug":"over-the-road-solutions","status":"publish","type":"page","link":"https:\/\/vmxlogisticsinc.com\/es\/over-the-road-solutions\/","title":{"rendered":"Over the Road Solutions"},"content":{"rendered":"<div class=\"wp-block-cover aligncenter is-light has-parallax\" style=\"background-image:url(http:\/\/vmxlogisticsinc.com\/wp-content\/uploads\/2022\/07\/image-6.jpg);min-height:348px;aspect-ratio:unset;\"><span aria-hidden=\"true\" class=\"wp-block-cover__background has-background-dim\"><\/span><div class=\"wp-block-cover__inner-container is-layout-flow wp-block-cover-is-layout-flow\">\n<p class=\"has-text-align-center animated lightSpeedInRight has-vivid-red-color has-text-color has-large-font-size\" style=\"line-height:0\"><strong>VMX Logistics<\/strong><\/p>\n\n\n\n<p class=\"has-text-align-center animated lightSpeedInRight has-vivid-red-color has-text-color has-large-font-size\" style=\"line-height:0\"><strong>Soluciones<\/strong><\/p>\n<\/div><\/div>\n\n\n\n<div class=\"wp-block-media-text alignwide is-stacked-on-mobile\"><figure class=\"wp-block-media-text__media\"><img fetchpriority=\"high\" decoding=\"async\" width=\"1024\" height=\"609\" src=\"http:\/\/vmxlogisticsinc.com\/wp-content\/uploads\/2022\/09\/map-location-navigation-525349-1024x609.png\" alt=\"map, location, navigation-525349.jpg\" class=\"wp-image-1473 size-full\" srcset=\"https:\/\/vmxlogisticsinc.com\/wp-content\/uploads\/2022\/09\/map-location-navigation-525349-1024x609.png 1024w, https:\/\/vmxlogisticsinc.com\/wp-content\/uploads\/2022\/09\/map-location-navigation-525349-300x178.png 300w, https:\/\/vmxlogisticsinc.com\/wp-content\/uploads\/2022\/09\/map-location-navigation-525349-768x457.png 768w, https:\/\/vmxlogisticsinc.com\/wp-content\/uploads\/2022\/09\/map-location-navigation-525349.png 1280w\" sizes=\"(max-width: 1024px) 100vw, 1024px\" \/><\/figure><div class=\"wp-block-media-text__content\">\n<h3 class=\"animated lightSpeedInLeft wp-block-heading\">Consigue la mejor en los EE. UU.<\/h3>\n\n\n\n<p class=\"has-black-color has-text-color\">Nuestra oferta de servicio nacional es la soluci\u00f3n de transporte refrigerado m\u00e1s grande y completa de la industria, que abarca todo el territorio continental de los EE. UU. Nuestro equipo nacional tiene la capacidad y la experiencia para satisfacer todas las necesidades cr\u00edticas, desde el transporte de carga de rutina hasta la respuesta oportuna a sobretensiones. La divisi\u00f3n nacional ofrece un servicio de equipo acelerado con algunos de los tiempos de tr\u00e1nsito m\u00e1s r\u00e1pidos de la industria para clientes que necesitan que la carga se entregue r\u00e1pidamente. Uno de los sellos distintivos de VMX Logistics es la calidad de nuestros conductores y personal de apoyo: profesionales experimentados, responsables y dedicados a la satisfacci\u00f3n del cliente.<\/p>\n<\/div><\/div>\n\n\n\n<div class=\"wp-block-cover alignfull\"><span aria-hidden=\"true\" class=\"wp-block-cover__background has-background-dim\"><\/span><img decoding=\"async\" width=\"572\" height=\"277\" class=\"wp-block-cover__image-background wp-image-1465\" alt=\"\" src=\"http:\/\/vmxlogisticsinc.com\/wp-content\/uploads\/2022\/09\/Captura-de-pantalla-2022-06-15-220252-e1664556253614.jpg\" data-object-fit=\"cover\" srcset=\"https:\/\/vmxlogisticsinc.com\/wp-content\/uploads\/2022\/09\/Captura-de-pantalla-2022-06-15-220252-e1664556253614.jpg 572w, https:\/\/vmxlogisticsinc.com\/wp-content\/uploads\/2022\/09\/Captura-de-pantalla-2022-06-15-220252-e1664556253614-300x145.jpg 300w\" sizes=\"(max-width: 572px) 100vw, 572px\" \/><div class=\"wp-block-cover__inner-container is-layout-flow wp-block-cover-is-layout-flow\">\n<h3 class=\"animated lightSpeedInRight has-vivid-red-color has-text-color wp-block-heading\">\u00bfQu\u00e9 nos diferencia?<\/h3>\n\n\n\n<ul class=\"has-white-color has-text-color wp-block-list\"><li>Servicios de transporte confiables y puntuales<\/li><li>Env\u00edos de camiones (48 estados)<ul><li>Env\u00edos a temperatura controlada<\/li><li>Env\u00edos acelerados<\/li><\/ul><\/li><li>Conductores profesionales con experiencia<ul><li>Solo<\/li><li>Equipo<\/li><\/ul><\/li><li>Equipamiento de \u00faltima generaci\u00f3n \/ Nuevo Modelo<\/li><li>Tarifas de transporte competitivas<\/li><li>Cinco escuelas de conducci\u00f3n galardonadas<\/li><\/ul>\n<\/div><\/div>","protected":false},"excerpt":{"rendered":"<p>Get the Best in the U.S. Our National service offering is the largest, most comprehensive refrigerated&nbsp;transportation solution in the industry, spanning the entire continental U.S. Our&nbsp;National team has the capacity and experience to serve every critical need, from&nbsp;routine freight transport to timely surge response. The National division offers&nbsp;expedited team service with some of the fastest [&hellip;]<\/p>\n","protected":false},"author":1,"featured_media":0,"parent":0,"menu_order":0,"comment_status":"closed","ping_status":"closed","template":"","meta":{"_uag_custom_page_level_css":"","site-sidebar-layout":"no-sidebar","site-content-layout":"page-builder","ast-site-content-layout":"default","site-content-style":"default","site-sidebar-style":"default","ast-global-header-display":"","ast-banner-title-visibility":"","ast-main-header-display":"","ast-hfb-above-header-display":"","ast-hfb-below-header-display":"","ast-hfb-mobile-header-display":"","site-post-title":"disabled","ast-breadcrumbs-content":"","ast-featured-img":"","footer-sml-layout":"","ast-disable-related-posts":"","theme-transparent-header-meta":"","adv-header-id-meta":"","stick-header-meta":"","header-above-stick-meta":"","header-main-stick-meta":"","header-below-stick-meta":"","astra-migrate-meta-layouts":"default","ast-page-background-enabled":"default","ast-page-background-meta":{"desktop":{"background-color":"var(--ast-global-color-4)","background-image":"","background-repeat":"repeat","background-position":"center center","background-size":"auto","background-attachment":"scroll","background-type":"","background-media":"","overlay-type":"","overlay-color":"","overlay-opacity":"","overlay-gradient":""},"tablet":{"background-color":"","background-image":"","background-repeat":"repeat","background-position":"center center","background-size":"auto","background-attachment":"scroll","background-type":"","background-media":"","overlay-type":"","overlay-color":"","overlay-opacity":"","overlay-gradient":""},"mobile":{"background-color":"","background-image":"","background-repeat":"repeat","background-position":"center center","background-size":"auto","background-attachment":"scroll","background-type":"","background-media":"","overlay-type":"","overlay-color":"","overlay-opacity":"","overlay-gradient":""}},"ast-content-background-meta":{"desktop":{"background-color":"var(--ast-global-color-5)","background-image":"","background-repeat":"repeat","background-position":"center center","background-size":"auto","background-attachment":"scroll","background-type":"","background-media":"","overlay-type":"","overlay-color":"","overlay-opacity":"","overlay-gradient":""},"tablet":{"background-color":"var(--ast-global-color-5)","background-image":"","background-repeat":"repeat","background-position":"center center","background-size":"auto","background-attachment":"scroll","background-type":"","background-media":"","overlay-type":"","overlay-color":"","overlay-opacity":"","overlay-gradient":""},"mobile":{"background-color":"var(--ast-global-color-5)","background-image":"","background-repeat":"repeat","background-position":"center center","background-size":"auto","background-attachment":"scroll","background-type":"","background-media":"","overlay-type":"","overlay-color":"","overlay-opacity":"","overlay-gradient":""}},"_joinchat":[],"footnotes":""},"class_list":["post-1469","page","type-page","status-publish","hentry"],"uagb_featured_image_src":{"full":false,"thumbnail":false,"medium":false,"medium_large":false,"large":false,"master_addons_team_thumb":false,"1536x1536":false,"2048x2048":false,"trp-custom-language-flag":false},"uagb_author_info":{"display_name":"admin","author_link":"https:\/\/vmxlogisticsinc.com\/es\/author\/admin\/"},"uagb_comment_info":0,"uagb_excerpt":"Get the Best in the U.S. Our National service offering is the largest, most comprehensive refrigerated&nbsp;transportation solution in the industry, spanning the entire continental U.S. Our&nbsp;National team has the capacity and experience to serve every critical need, from&nbsp;routine freight transport to timely surge response. The National division offers&nbsp;expedited team service with some of the fastest&hellip;","_links":{"self":[{"href":"https:\/\/vmxlogisticsinc.com\/es\/wp-json\/wp\/v2\/pages\/1469","targetHints":{"allow":["GET"]}}],"collection":[{"href":"https:\/\/vmxlogisticsinc.com\/es\/wp-json\/wp\/v2\/pages"}],"about":[{"href":"https:\/\/vmxlogisticsinc.com\/es\/wp-json\/wp\/v2\/types\/page"}],"author":[{"embeddable":true,"href":"https:\/\/vmxlogisticsinc.com\/es\/wp-json\/wp\/v2\/users\/1"}],"replies":[{"embeddable":true,"href":"https:\/\/vmxlogisticsinc.com\/es\/wp-json\/wp\/v2\/comments?post=1469"}],"version-history":[{"count":5,"href":"https:\/\/vmxlogisticsinc.com\/es\/wp-json\/wp\/v2\/pages\/1469\/revisions"}],"predecessor-version":[{"id":1507,"href":"https:\/\/vmxlogisticsinc.com\/es\/wp-json\/wp\/v2\/pages\/1469\/revisions\/1507"}],"wp:attachment":[{"href":"https:\/\/vmxlogisticsinc.com\/es\/wp-json\/wp\/v2\/media?parent=1469"}],"curies":[{"name":"wp","href":"https:\/\/api.w.org\/{rel}","templated":true}]}}