{"id":900,"date":"2021-04-10T04:05:39","date_gmt":"2021-04-10T10:05:39","guid":{"rendered":"http:\/\/vmxlogisticsinc.com\/books\/"},"modified":"2022-10-28T08:48:17","modified_gmt":"2022-10-28T14:48:17","slug":"services","status":"publish","type":"page","link":"https:\/\/vmxlogisticsinc.com\/es\/services\/","title":{"rendered":"Servicios"},"content":{"rendered":"<div class=\"wp-block-cover alignfull has-parallax\" style=\"background-image:url(http:\/\/vmxlogisticsinc.com\/wp-content\/uploads\/2022\/07\/Captura-de-pantalla-2022-06-15-233054.jpg);min-height:350px;aspect-ratio:unset;\"><span aria-hidden=\"true\" class=\"wp-block-cover__background has-black-background-color has-background-dim-70 has-background-dim\"><\/span><div class=\"wp-block-cover__inner-container is-layout-flow wp-block-cover-is-layout-flow\">\n<div class=\"inherit-container-width wp-block-group is-layout-constrained wp-block-group-is-layout-constrained\"><div class=\"wp-block-group__inner-container\">\n<h1 class=\"has-text-align-center animated backInRight has-vivid-red-color has-text-color wp-block-heading\">NUESTROS SERVICIOS<\/h1>\n\n\n\n<div class=\"wp-block-columns is-layout-flex wp-container-core-columns-is-layout-28f84493 wp-block-columns-is-layout-flex\">\n<div class=\"wp-block-column is-layout-flow wp-block-column-is-layout-flow\" style=\"flex-basis:100%\">\n<div class=\"wp-block-columns is-layout-flex wp-container-core-columns-is-layout-28f84493 wp-block-columns-is-layout-flex\">\n<div class=\"wp-block-column is-layout-flow wp-block-column-is-layout-flow\" style=\"flex-basis:100%\">\n<div class=\"wp-block-columns is-layout-flex wp-container-core-columns-is-layout-28f84493 wp-block-columns-is-layout-flex\">\n<div class=\"wp-block-column is-layout-flow wp-block-column-is-layout-flow\" style=\"flex-basis:10%\"><\/div>\n\n\n\n<div class=\"wp-block-column is-layout-flow wp-block-column-is-layout-flow\" style=\"flex-basis:80%\">\n<div class=\"inherit-container-width wp-block-group is-layout-constrained wp-block-group-is-layout-constrained\"><div class=\"wp-block-group__inner-container\">\n<h2 class=\"has-white-color has-text-color has-large-font-size wp-block-heading\">VMX Logistics Inc. le brinda servicios de ensamblaje personalizado de alta calidad y bajo costo de productos textiles, hilos, prendas y muchos otros productos. Nuestras ubicaciones estrat\u00e9gicas de almac\u00e9n le brindan una ventaja de cumplimiento para aprovechar nuevas oportunidades en su mercado.<\/h2>\n\n\n\n<ul class=\"wp-block-list\"><li>DISTRIBUCI\u00d3N DE PRODUCTOS<\/li><li>GESTI\u00d3N DE TRANSPORTE<\/li><li>LOG\u00cdSTICA DE ALMAC\u00c9N<\/li><li>GESTI\u00d3N DE DEVOLUCIONES<\/li><li>TL &amp; LTL FOR AIR\/OCEAN<\/li><li>ENTREGA RESIDENCIAL<\/li><li>PUERTA TRASERA<\/li><li>CONTROL DE TEMPERATURA<\/li><li>SEGUIMIENTO EN TIEMPO REAL<\/li><\/ul>\n<\/div><\/div>\n<\/div>\n\n\n\n<div class=\"wp-block-column is-layout-flow wp-block-column-is-layout-flow\" style=\"flex-basis:10%\"><\/div>\n<\/div>\n<\/div>\n<\/div>\n<\/div>\n<\/div>\n<\/div><\/div>\n<\/div><\/div>\n\n\n\n<p><\/p>\n\n\n\n<div class=\"wp-block-buttons is-content-justification-center is-layout-flex wp-container-core-buttons-is-layout-a89b3969 wp-block-buttons-is-layout-flex\">\n<div class=\"wp-block-button is-style-fill\"><a class=\"wp-block-button__link\" href=\"http:\/\/vmxlogisticsinc.com\/es\/contact\/\" style=\"border-radius:46px\">CONTACTANOS<\/a><\/div>\n<\/div>\n\n\n\n<p><\/p>\n\n\n\n<div class=\"wp-block-columns is-layout-flex wp-container-core-columns-is-layout-28f84493 wp-block-columns-is-layout-flex\">\n<div class=\"wp-block-column is-layout-flow wp-block-column-is-layout-flow\">\n<h3 class=\"animated backInRight wp-block-heading\"><strong>ALMACENAMIENTO<\/strong><\/h3>\n\n\n\n<div class=\"wp-block-cover alignfull is-light\" style=\"min-height:383px;aspect-ratio:unset;\"><span aria-hidden=\"true\" class=\"wp-block-cover__background has-background-dim\"><\/span><img fetchpriority=\"high\" decoding=\"async\" width=\"800\" height=\"400\" class=\"wp-block-cover__image-background wp-image-1279\" alt=\"\" src=\"http:\/\/vmxlogisticsinc.com\/wp-content\/uploads\/2022\/07\/Distribodegas-6-Exterior4-.jpg\" data-object-fit=\"cover\" srcset=\"https:\/\/vmxlogisticsinc.com\/wp-content\/uploads\/2022\/07\/Distribodegas-6-Exterior4-.jpg 800w, https:\/\/vmxlogisticsinc.com\/wp-content\/uploads\/2022\/07\/Distribodegas-6-Exterior4--300x150.jpg 300w, https:\/\/vmxlogisticsinc.com\/wp-content\/uploads\/2022\/07\/Distribodegas-6-Exterior4--768x384.jpg 768w\" sizes=\"(max-width: 800px) 100vw, 800px\" \/><div class=\"wp-block-cover__inner-container is-layout-flow wp-block-cover-is-layout-flow\">\n<p class=\"has-white-color has-text-color\">Nuestro almac\u00e9n le ofrece servicios avanzados de valor agregado: inspecciones de control de calidad, administraci\u00f3n de inventario, estrategia interna, almacenamiento en el patio y construcci\u00f3n. Optimizamos nuestro sistema para permitirle la mayor satisfacci\u00f3n del cliente mientras le brindamos los servicios de la m\u00e1s alta calidad que la industria tiene para oferta.<\/p>\n\n\n\n<ul class=\"has-white-color has-text-color wp-block-list\"><li>Ubicaciones de almacenamiento personal<\/li><li>Inventory Management<\/li><li>Exibidores de piso listos<\/li><li>Inventario disponible<\/li><\/ul>\n<\/div><\/div>\n<\/div>\n\n\n\n<div class=\"wp-block-column is-layout-flow wp-block-column-is-layout-flow\">\n<h3 class=\"animated backInRight wp-block-heading\"><strong>DISTRIBUCI\u00d3N DE PRODUCTOS<\/strong><\/h3>\n\n\n\n<div class=\"wp-block-cover alignfull is-light\" style=\"min-height:382px;aspect-ratio:unset;\"><span aria-hidden=\"true\" class=\"wp-block-cover__background has-background-dim\"><\/span><img decoding=\"async\" class=\"wp-block-cover__image-background wp-image-9\" alt=\"\" src=\"http:\/\/vmxlogisticsinc.com\/wp-content\/uploads\/2022\/07\/image-6.jpg\" data-object-fit=\"cover\"\/><div class=\"wp-block-cover__inner-container is-layout-flow wp-block-cover-is-layout-flow\">\n<p class=\"has-white-color has-text-color\">Le proporcionamos la \u00faltima tecnolog\u00eda WMS para actualizaciones de estado en tiempo real, entrada de pedidos en l\u00ednea, escaneo de c\u00f3digos de barras y seguimiento de pedidos. Ponemos a sus clientes en el centro de nuestros esfuerzos comerciales brind\u00e1ndoles la mayor atenci\u00f3n y asegur\u00e1ndonos de entregarles lo que necesitan.<\/p>\n\n\n\n<ul class=\"has-white-color has-text-color wp-block-list\"><li>Paletizado y retractilado<\/li><li>Datos en tiempo real sobre el estado del env\u00edo<\/li><li>Im\u00e1genes Digitales de Carga<\/li><li>Tras\u00f1ado de carga<\/li><\/ul>\n<\/div><\/div>\n<\/div>\n<\/div>\n\n\n\n<div class=\"wp-block-columns is-layout-flex wp-container-core-columns-is-layout-28f84493 wp-block-columns-is-layout-flex\">\n<div class=\"wp-block-column is-layout-flow wp-block-column-is-layout-flow\">\n<h3 class=\"animated backInRight wp-block-heading\"><strong>SOLUCIONES PARA FLOTAS<\/strong><\/h3>\n\n\n\n<div class=\"wp-block-cover alignfull is-light\" style=\"min-height:345px;aspect-ratio:unset;\"><span aria-hidden=\"true\" class=\"wp-block-cover__background has-background-dim\"><\/span><img decoding=\"async\" width=\"1800\" height=\"1200\" class=\"wp-block-cover__image-background wp-image-5\" alt=\"\" src=\"http:\/\/vmxlogisticsinc.com\/wp-content\/uploads\/2022\/07\/image-2.jpg\" data-object-fit=\"cover\" srcset=\"https:\/\/vmxlogisticsinc.com\/wp-content\/uploads\/2022\/07\/image-2.jpg 1800w, https:\/\/vmxlogisticsinc.com\/wp-content\/uploads\/2022\/07\/image-2-300x200.jpg 300w, https:\/\/vmxlogisticsinc.com\/wp-content\/uploads\/2022\/07\/image-2-1024x683.jpg 1024w, https:\/\/vmxlogisticsinc.com\/wp-content\/uploads\/2022\/07\/image-2-768x512.jpg 768w, https:\/\/vmxlogisticsinc.com\/wp-content\/uploads\/2022\/07\/image-2-1536x1024.jpg 1536w\" sizes=\"(max-width: 1800px) 100vw, 1800px\" \/><div class=\"wp-block-cover__inner-container is-layout-flow wp-block-cover-is-layout-flow\">\n<p class=\"has-white-color has-text-color\">Ya sea que necesite un solo veh\u00edculo o una flota completa, VMX le brinda el equipo adecuado capaz de satisfacer sus necesidades. Elimine el riesgo de equipos obsoletos, plazos incumplidos y reparaciones molestas. Reduzca sus costos y ahorre m\u00e1s tiempo usando nuestra flota profesional para que pueda concentrarse en expandir su negocio.<\/p>\n\n\n\n<ul class=\"has-white-color has-text-color wp-block-list\"><li>Controladores de grado profesional<\/li><li>48&#8242; &amp; 53&#8242; Trailers<\/li><li>Cami\u00f3n seco y refrigerado<\/li><li>Fianza para env\u00edos transfronterizos<\/li><\/ul>\n<\/div><\/div>\n<\/div>\n\n\n\n<div class=\"wp-block-column is-layout-flow wp-block-column-is-layout-flow\">\n<h3 class=\"animated backInRight wp-block-heading\"><strong>LOG\u00cdSTICA<\/strong><\/h3>\n\n\n\n<div class=\"wp-block-cover alignfull is-light\" style=\"min-height:345px;aspect-ratio:unset;\"><span aria-hidden=\"true\" class=\"wp-block-cover__background has-background-dim\"><\/span><img decoding=\"async\" width=\"1800\" height=\"1440\" class=\"wp-block-cover__image-background wp-image-8\" alt=\"\" src=\"http:\/\/vmxlogisticsinc.com\/wp-content\/uploads\/2022\/07\/image-5.jpg\" data-object-fit=\"cover\" srcset=\"https:\/\/vmxlogisticsinc.com\/wp-content\/uploads\/2022\/07\/image-5.jpg 1800w, https:\/\/vmxlogisticsinc.com\/wp-content\/uploads\/2022\/07\/image-5-300x240.jpg 300w, https:\/\/vmxlogisticsinc.com\/wp-content\/uploads\/2022\/07\/image-5-1024x819.jpg 1024w, https:\/\/vmxlogisticsinc.com\/wp-content\/uploads\/2022\/07\/image-5-768x614.jpg 768w, https:\/\/vmxlogisticsinc.com\/wp-content\/uploads\/2022\/07\/image-5-1536x1229.jpg 1536w\" sizes=\"(max-width: 1800px) 100vw, 1800px\" \/><div class=\"wp-block-cover__inner-container is-layout-flow wp-block-cover-is-layout-flow\">\n<p class=\"has-white-color has-text-color\">Nuestro equipo de log\u00edstica est\u00e1 equipado profesionalmente para manejar sus soluciones. Ponemos a su disposici\u00f3n los mejores sistemas para cualquier tipo de problema que tenga su empresa.<\/p>\n\n\n\n<ul class=\"has-white-color has-text-color wp-block-list\"><li>Distribuci\u00f3n<\/li><li>Transpotaci\u00f3n<\/li><li>acarreo<\/li><li>Corretaje<\/li><\/ul>\n<\/div><\/div>\n<\/div>\n<\/div>","protected":false},"excerpt":{"rendered":"<p>WAREHOUSING PRODUCT DISTRUBTION FLEET SOLUTIONS LOGISTICS<\/p>","protected":false},"author":1,"featured_media":0,"parent":0,"menu_order":0,"comment_status":"closed","ping_status":"closed","template":"","meta":{"_uag_custom_page_level_css":"","site-sidebar-layout":"no-sidebar","site-content-layout":"plain-container","ast-site-content-layout":"default","site-content-style":"default","site-sidebar-style":"default","ast-global-header-display":"","ast-banner-title-visibility":"","ast-main-header-display":"","ast-hfb-above-header-display":"","ast-hfb-below-header-display":"","ast-hfb-mobile-header-display":"","site-post-title":"disabled","ast-breadcrumbs-content":"disabled","ast-featured-img":"disabled","footer-sml-layout":"","ast-disable-related-posts":"","theme-transparent-header-meta":"disabled","adv-header-id-meta":"","stick-header-meta":"","header-above-stick-meta":"","header-main-stick-meta":"","header-below-stick-meta":"","astra-migrate-meta-layouts":"default","ast-page-background-enabled":"default","ast-page-background-meta":{"desktop":{"background-color":"var(--ast-global-color-4)","background-image":"","background-repeat":"repeat","background-position":"center center","background-size":"auto","background-attachment":"scroll","background-type":"","background-media":"","overlay-type":"","overlay-color":"","overlay-opacity":"","overlay-gradient":""},"tablet":{"background-color":"","background-image":"","background-repeat":"repeat","background-position":"center center","background-size":"auto","background-attachment":"scroll","background-type":"","background-media":"","overlay-type":"","overlay-color":"","overlay-opacity":"","overlay-gradient":""},"mobile":{"background-color":"","background-image":"","background-repeat":"repeat","background-position":"center center","background-size":"auto","background-attachment":"scroll","background-type":"","background-media":"","overlay-type":"","overlay-color":"","overlay-opacity":"","overlay-gradient":""}},"ast-content-background-meta":{"desktop":{"background-color":"var(--ast-global-color-5)","background-image":"","background-repeat":"repeat","background-position":"center center","background-size":"auto","background-attachment":"scroll","background-type":"","background-media":"","overlay-type":"","overlay-color":"","overlay-opacity":"","overlay-gradient":""},"tablet":{"background-color":"var(--ast-global-color-5)","background-image":"","background-repeat":"repeat","background-position":"center center","background-size":"auto","background-attachment":"scroll","background-type":"","background-media":"","overlay-type":"","overlay-color":"","overlay-opacity":"","overlay-gradient":""},"mobile":{"background-color":"var(--ast-global-color-5)","background-image":"","background-repeat":"repeat","background-position":"center center","background-size":"auto","background-attachment":"scroll","background-type":"","background-media":"","overlay-type":"","overlay-color":"","overlay-opacity":"","overlay-gradient":""}},"_joinchat":[],"footnotes":""},"class_list":["post-900","page","type-page","status-publish","hentry"],"uagb_featured_image_src":{"full":false,"thumbnail":false,"medium":false,"medium_large":false,"large":false,"master_addons_team_thumb":false,"1536x1536":false,"2048x2048":false,"trp-custom-language-flag":false},"uagb_author_info":{"display_name":"admin","author_link":"https:\/\/vmxlogisticsinc.com\/es\/author\/admin\/"},"uagb_comment_info":0,"uagb_excerpt":"WAREHOUSING PRODUCT DISTRUBTION FLEET SOLUTIONS LOGISTICS","_links":{"self":[{"href":"https:\/\/vmxlogisticsinc.com\/es\/wp-json\/wp\/v2\/pages\/900","targetHints":{"allow":["GET"]}}],"collection":[{"href":"https:\/\/vmxlogisticsinc.com\/es\/wp-json\/wp\/v2\/pages"}],"about":[{"href":"https:\/\/vmxlogisticsinc.com\/es\/wp-json\/wp\/v2\/types\/page"}],"author":[{"embeddable":true,"href":"https:\/\/vmxlogisticsinc.com\/es\/wp-json\/wp\/v2\/users\/1"}],"replies":[{"embeddable":true,"href":"https:\/\/vmxlogisticsinc.com\/es\/wp-json\/wp\/v2\/comments?post=900"}],"version-history":[{"count":18,"href":"https:\/\/vmxlogisticsinc.com\/es\/wp-json\/wp\/v2\/pages\/900\/revisions"}],"predecessor-version":[{"id":1531,"href":"https:\/\/vmxlogisticsinc.com\/es\/wp-json\/wp\/v2\/pages\/900\/revisions\/1531"}],"wp:attachment":[{"href":"https:\/\/vmxlogisticsinc.com\/es\/wp-json\/wp\/v2\/media?parent=900"}],"curies":[{"name":"wp","href":"https:\/\/api.w.org\/{rel}","templated":true}]}}