{"id":902,"date":"2021-04-10T04:07:48","date_gmt":"2021-04-10T04:07:48","guid":{"rendered":"http:\/\/vmxlogisticsinc.com\/about\/"},"modified":"2022-11-18T12:46:29","modified_gmt":"2022-11-18T18:46:29","slug":"about","status":"publish","type":"page","link":"https:\/\/vmxlogisticsinc.com\/es\/about\/","title":{"rendered":"Acerca de"},"content":{"rendered":"<div class=\"wp-block-cover alignfull\"><span aria-hidden=\"true\" class=\"wp-block-cover__background has-background-dim-60 has-background-dim\"><\/span><video class=\"wp-block-cover__video-background intrinsic-ignore\" autoplay muted loop playsinline src=\"https:\/\/vmxlogisticsinc.com\/wp-content\/uploads\/2022\/11\/VMX-Logistics-Inc.-1.mp4\" data-object-fit=\"cover\"><\/video><div class=\"wp-block-cover__inner-container is-layout-flow wp-block-cover-is-layout-flow\">\n<p class=\"has-text-align-center has-vivid-red-color has-text-color has-x-large-font-size\" style=\"font-style:normal;font-weight:800;text-decoration:none\">Acerca de<\/p>\n\n\n\n<p class=\"has-ast-global-color-5-color has-text-color\">VMX Logistics Inc. se ha ganado la reputaci\u00f3n de brindar servicios r\u00e1pidos y confiables a la comunidad de importadores. Al utilizar tecnolog\u00eda experimentada y la mejora continua de nuestros servicios, VMX Logistics Inc, LLC. name es reconocido como un proveedor l\u00edder de almacenamiento de terceros, cumplimiento de pedidos, cumplimiento minorista y E.D.I. servicios. Estos cimientos fundamentales han permitido que VMX Logistics Inc. prospere como l\u00edder del mercado en la competitiva industria del transporte actual. Nuestro objetivo es contribuir a la eficiencia y rentabilidad de su proceso de distribuci\u00f3n. Desde recoger su(s) producto(s) en el puerto hasta enviar su(s) producto(s) a trav\u00e9s de los Estados Unidos, VMX Logistics Inc, LLC. El personal manejar\u00e1 sus productos en todos los puntos del proceso de distribuci\u00f3n para garantizar la entrega de su carga intacta y a tiempo. Nuestros servicios agregan valor a su negocio y mejoran su ventaja competitiva. Si no est\u00e1 haciendo negocios con nosotros, deber\u00eda hacerlo. Esto significa que, si est\u00e1 proporcionando su propia log\u00edstica en el sitio, es posible que no est\u00e9 disfrutando de la rentabilidad que puede proporcionar un centro de cumplimiento llave en mano fuera del sitio. Con VMX Logistics Inc. Warehousing, \u00a1deje que el poder de nuestro negocio aumente el poder de SU negocio!<\/p>\n<\/div><\/div>","protected":false},"excerpt":{"rendered":"","protected":false},"author":1,"featured_media":0,"parent":0,"menu_order":0,"comment_status":"closed","ping_status":"closed","template":"","meta":{"_uag_custom_page_level_css":"","site-sidebar-layout":"no-sidebar","site-content-layout":"page-builder","ast-site-content-layout":"default","site-content-style":"default","site-sidebar-style":"default","ast-global-header-display":"","ast-banner-title-visibility":"","ast-main-header-display":"","ast-hfb-above-header-display":"","ast-hfb-below-header-display":"","ast-hfb-mobile-header-display":"","site-post-title":"disabled","ast-breadcrumbs-content":"disabled","ast-featured-img":"disabled","footer-sml-layout":"","ast-disable-related-posts":"","theme-transparent-header-meta":"disabled","adv-header-id-meta":"","stick-header-meta":"","header-above-stick-meta":"","header-main-stick-meta":"","header-below-stick-meta":"","astra-migrate-meta-layouts":"default","ast-page-background-enabled":"default","ast-page-background-meta":{"desktop":{"background-color":"var(--ast-global-color-4)","background-image":"","background-repeat":"repeat","background-position":"center center","background-size":"auto","background-attachment":"scroll","background-type":"","background-media":"","overlay-type":"","overlay-color":"","overlay-opacity":"","overlay-gradient":""},"tablet":{"background-color":"","background-image":"","background-repeat":"repeat","background-position":"center center","background-size":"auto","background-attachment":"scroll","background-type":"","background-media":"","overlay-type":"","overlay-color":"","overlay-opacity":"","overlay-gradient":""},"mobile":{"background-color":"","background-image":"","background-repeat":"repeat","background-position":"center center","background-size":"auto","background-attachment":"scroll","background-type":"","background-media":"","overlay-type":"","overlay-color":"","overlay-opacity":"","overlay-gradient":""}},"ast-content-background-meta":{"desktop":{"background-color":"var(--ast-global-color-5)","background-image":"","background-repeat":"repeat","background-position":"center center","background-size":"auto","background-attachment":"scroll","background-type":"","background-media":"","overlay-type":"","overlay-color":"","overlay-opacity":"","overlay-gradient":""},"tablet":{"background-color":"var(--ast-global-color-5)","background-image":"","background-repeat":"repeat","background-position":"center center","background-size":"auto","background-attachment":"scroll","background-type":"","background-media":"","overlay-type":"","overlay-color":"","overlay-opacity":"","overlay-gradient":""},"mobile":{"background-color":"var(--ast-global-color-5)","background-image":"","background-repeat":"repeat","background-position":"center center","background-size":"auto","background-attachment":"scroll","background-type":"","background-media":"","overlay-type":"","overlay-color":"","overlay-opacity":"","overlay-gradient":""}},"_joinchat":[],"footnotes":""},"class_list":["post-902","page","type-page","status-publish","hentry"],"uagb_featured_image_src":{"full":false,"thumbnail":false,"medium":false,"medium_large":false,"large":false,"master_addons_team_thumb":false,"1536x1536":false,"2048x2048":false,"trp-custom-language-flag":false},"uagb_author_info":{"display_name":"admin","author_link":"https:\/\/vmxlogisticsinc.com\/es\/author\/admin\/"},"uagb_comment_info":0,"uagb_excerpt":null,"_links":{"self":[{"href":"https:\/\/vmxlogisticsinc.com\/es\/wp-json\/wp\/v2\/pages\/902","targetHints":{"allow":["GET"]}}],"collection":[{"href":"https:\/\/vmxlogisticsinc.com\/es\/wp-json\/wp\/v2\/pages"}],"about":[{"href":"https:\/\/vmxlogisticsinc.com\/es\/wp-json\/wp\/v2\/types\/page"}],"author":[{"embeddable":true,"href":"https:\/\/vmxlogisticsinc.com\/es\/wp-json\/wp\/v2\/users\/1"}],"replies":[{"embeddable":true,"href":"https:\/\/vmxlogisticsinc.com\/es\/wp-json\/wp\/v2\/comments?post=902"}],"version-history":[{"count":25,"href":"https:\/\/vmxlogisticsinc.com\/es\/wp-json\/wp\/v2\/pages\/902\/revisions"}],"predecessor-version":[{"id":1575,"href":"https:\/\/vmxlogisticsinc.com\/es\/wp-json\/wp\/v2\/pages\/902\/revisions\/1575"}],"wp:attachment":[{"href":"https:\/\/vmxlogisticsinc.com\/es\/wp-json\/wp\/v2\/media?parent=902"}],"curies":[{"name":"wp","href":"https:\/\/api.w.org\/{rel}","templated":true}]}}